{"id":234,"date":"2021-04-08T14:47:14","date_gmt":"2021-04-08T14:47:14","guid":{"rendered":"https:\/\/www.lurga.pt\/?page_id=234"},"modified":"2023-07-31T04:11:42","modified_gmt":"2023-07-31T04:11:42","slug":"tecnologia","status":"publish","type":"page","link":"https:\/\/www.lurga.pt\/de\/tecnologia\/","title":{"rendered":"Technologie"},"content":{"rendered":"[et_pb_section fb_built=&#8221;1&#8243; module_class=&#8221;flexBox flexCenter bannerPag&#8221; _builder_version=&#8221;4.9.2&#8243; _module_preset=&#8221;default&#8221; background_image=&#8221;https:\/\/www.lurga.pt\/wp-content\/uploads\/2021\/04\/bg_pags2.jpg&#8221; height=&#8221;90vh&#8221; height_tablet=&#8221;&#8221; height_phone=&#8221;65vh&#8221; height_last_edited=&#8221;on|phone&#8221; max_height=&#8221;90vh&#8221; max_height_tablet=&#8221;&#8221; max_height_phone=&#8221;&#8221; max_height_last_edited=&#8221;on|phone&#8221; bottom_divider_style=&#8221;arrow&#8221; bottom_divider_color=&#8221;gcid-6433f551-dcff-413b-91ce-bb464db69653&#8243; global_colors_info=&#8221;{%22gcid-6433f551-dcff-413b-91ce-bb464db69653%22:%91%22bottom_divider_color%22%93}&#8221;][et_pb_row _builder_version=&#8221;4.9.2&#8243; _module_preset=&#8221;default&#8221; scroll_vertical_motion=&#8221;0|50|50|100|0.5|-1|-0.5&#8243;][et_pb_column type=&#8221;4_4&#8243; _builder_version=&#8221;4.9.2&#8243; _module_preset=&#8221;default&#8221;][et_pb_text _builder_version=&#8221;4.9.2&#8243; _module_preset=&#8221;default&#8221; header_4_font=&#8221;|||on|||||&#8221; header_4_text_align=&#8221;center&#8221; header_4_font_size=&#8221;21px&#8221; header_4_letter_spacing=&#8221;3px&#8221; custom_padding=&#8221;||6px|||&#8221;]\n<h4>Lurga<\/h4>\n[\/et_pb_text][et_pb_post_title meta=&#8221;off&#8221; featured_image=&#8221;off&#8221; _builder_version=&#8221;4.9.2&#8243; _module_preset=&#8221;default&#8221; title_font=&#8221;|800||on|||||&#8221; title_text_align=&#8221;center&#8221; title_font_size=&#8221;72px&#8221; title_font_size_tablet=&#8221;&#8221; title_font_size_phone=&#8221;10vw&#8221; title_font_size_last_edited=&#8221;on|phone&#8221;][\/et_pb_post_title][et_pb_text _builder_version=&#8221;4.9.2&#8243; _module_preset=&#8221;default&#8221; text_line_height=&#8221;1.4em&#8221; text_orientation=&#8221;center&#8221; width=&#8221;70%&#8221; width_tablet=&#8221;&#8221; width_phone=&#8221;100%&#8221; width_last_edited=&#8221;on|phone&#8221; module_alignment=&#8221;center&#8221;]\n<p class=\"p1\">Lurga setzt die unterschiedlichsten Materialien ein, um den spezifischen Anforderungen des herzustellenden Produktes gerecht zu werden, die Produktion rentabler zu gestalten und die Investitionskosten des Stempelns zu optimieren.<\/p>\n[\/et_pb_text][et_pb_image src=&#8221;https:\/\/www.lurga.pt\/wp-content\/uploads\/2021\/04\/arrow.gif&#8221; title_text=&#8221;arrow&#8221; align=&#8221;center&#8221; _builder_version=&#8221;4.9.2&#8243; _module_preset=&#8221;default&#8221; width=&#8221;4%&#8221; custom_padding=&#8221;5%||||false|false&#8221; filter_brightness=&#8221;200%&#8221; filter_invert=&#8221;100%&#8221; scroll_vertical_motion=&#8221;0|87|87|100|0|2|-2&#8243; scroll_fade=&#8221;0|0|0|100|100%|100%|0%&#8221;][\/et_pb_image][\/et_pb_column][\/et_pb_row][\/et_pb_section][et_pb_section fb_built=&#8221;1&#8243; _builder_version=&#8221;4.9.2&#8243; _module_preset=&#8221;default&#8221; background_color=&#8221;gcid-6433f551-dcff-413b-91ce-bb464db69653&#8243; custom_padding=&#8221;0px||0px||true|false&#8221; global_colors_info=&#8221;{%22gcid-6433f551-dcff-413b-91ce-bb464db69653%22:%91%22background_color%22%93}&#8221;][et_pb_row column_structure=&#8221;1_2,1_2&#8243; make_equal=&#8221;on&#8221; _builder_version=&#8221;4.9.2&#8243; _module_preset=&#8221;default&#8221; custom_padding=&#8221;||9px|||&#8221;][et_pb_column type=&#8221;1_2&#8243; _builder_version=&#8221;4.9.2&#8243; _module_preset=&#8221;default&#8221;][et_pb_image src=&#8221;https:\/\/www.lurga.pt\/wp-content\/uploads\/2023\/07\/IMAC_TECH-COM-MAOS.jpg&#8221; title_text=&#8221;IMAC_TECH-COM-MAOS&#8221; _builder_version=&#8221;4.9.2&#8243; _module_preset=&#8221;default&#8221; width=&#8221;90%&#8221; scroll_fade_enable=&#8221;on&#8221; hover_enabled=&#8221;0&#8243; sticky_enabled=&#8221;0&#8243;][\/et_pb_image][\/et_pb_column][et_pb_column type=&#8221;1_2&#8243; _builder_version=&#8221;4.9.2&#8243; _module_preset=&#8221;default&#8221; custom_css_main_element=&#8221;display:flex;||justify-content:center;||flex-direction:column;&#8221;][et_pb_text module_class=&#8221;textUnderline&#8221; _builder_version=&#8221;4.9.2&#8243; _module_preset=&#8221;default&#8221; text_line_height=&#8221;1.5em&#8221; header_2_font=&#8221;|800|||||||&#8221; header_2_font_size=&#8221;48px&#8221; custom_margin=&#8221;||6%||false|false&#8221; scroll_horizontal_motion_enable=&#8221;on&#8221; scroll_horizontal_motion=&#8221;0|50|50|100|1|0|0&#8243; locked=&#8221;off&#8221;]\n<h2><span class=\"u01\">DESIGN<\/span><\/h2>\n<p class=\"p1\"><span class=\"s1\">Das technische Zeichnen macht es m\u00f6glich:<\/span><\/p>\n[\/et_pb_text][et_pb_text module_class=&#8221;textUnderline&#8221; _builder_version=&#8221;4.9.2&#8243; _module_preset=&#8221;default&#8221; text_line_height=&#8221;1.5em&#8221; header_2_font=&#8221;|800|||||||&#8221; header_2_font_size=&#8221;48px&#8221; header_4_font=&#8221;|800|||||||&#8221; header_4_font_size=&#8221;36px&#8221; scroll_horizontal_motion_enable=&#8221;on&#8221; scroll_horizontal_motion=&#8221;0|50|50|100|1|0|0&#8243; locked=&#8221;off&#8221;]\n<h4 class=\"outlineFont\"><b class=\"u01\"> \u2022 Sicherstellung der Tablettenqualit\u00e4t <\/b><\/h4>\n[\/et_pb_text][et_pb_text module_class=&#8221;textUnderline&#8221; _builder_version=&#8221;4.9.2&#8243; _module_preset=&#8221;default&#8221; text_line_height=&#8221;1.5em&#8221; header_2_font=&#8221;|800|||||||&#8221; header_2_font_size=&#8221;48px&#8221; header_4_font=&#8221;|800|||||||&#8221; header_4_font_size=&#8221;36px&#8221; scroll_horizontal_motion_enable=&#8221;on&#8221; scroll_horizontal_motion=&#8221;0|50|50|100|1|0|0&#8243; locked=&#8221;off&#8221;]\n<h4><b>\u2022 Maximierung der Tablettenproduktion <\/b><\/h4>\n[\/et_pb_text][et_pb_text module_class=&#8221;textUnderline&#8221; _builder_version=&#8221;4.9.2&#8243; _module_preset=&#8221;default&#8221; text_line_height=&#8221;1.5em&#8221; header_2_font=&#8221;|800|||||||&#8221; header_2_font_size=&#8221;48px&#8221; header_4_font=&#8221;|800|||||||&#8221; header_4_font_size=&#8221;36px&#8221; scroll_horizontal_motion_enable=&#8221;on&#8221; scroll_horizontal_motion=&#8221;0|50|50|100|1|0|0&#8243; locked=&#8221;off&#8221;]\n<h4 class=\"outlineFont\"><b class=\"u01\"> \u2022 Erh\u00f6hung der Produktlebensdauer <\/b><\/h4>\n[\/et_pb_text][\/et_pb_column][\/et_pb_row][\/et_pb_section][et_pb_section fb_built=&#8221;1&#8243; _builder_version=&#8221;4.9.2&#8243; _module_preset=&#8221;default&#8221; background_color=&#8221;gcid-6433f551-dcff-413b-91ce-bb464db69653&#8243; custom_padding=&#8221;12px|||||&#8221; global_colors_info=&#8221;{%22gcid-6433f551-dcff-413b-91ce-bb464db69653%22:%91%22background_color%22%93}&#8221;][et_pb_row _builder_version=&#8221;4.9.2&#8243; _module_preset=&#8221;default&#8221;][et_pb_column type=&#8221;4_4&#8243; _builder_version=&#8221;4.9.2&#8243; _module_preset=&#8221;default&#8221;][et_pb_text module_class=&#8221;textUnderline&#8221; _builder_version=&#8221;4.9.2&#8243; _module_preset=&#8221;default&#8221; text_line_height=&#8221;1.5em&#8221; header_2_font=&#8221;|800|||||||&#8221; header_2_text_align=&#8221;center&#8221; header_2_font_size=&#8221;48px&#8221; text_orientation=&#8221;center&#8221; custom_margin=&#8221;||||false|false&#8221; scroll_vertical_motion_enable=&#8221;on&#8221; scroll_vertical_motion=&#8221;0|50|50|100|-0.5|0|0&#8243; scroll_fade_enable=&#8221;on&#8221; locked=&#8221;off&#8221;]\n<h2 class=\"centerEl\"><span class=\"u01\">STAHLEN<\/span><\/h2>\n<p class=\"p1\"><span class=\"s1\"> Die Wahl des Stahls h\u00e4ngt ab von: <\/span><\/p>\n[\/et_pb_text][\/et_pb_column][\/et_pb_row][et_pb_row column_structure=&#8221;1_4,1_4,1_4,1_4&#8243; use_custom_gutter=&#8221;on&#8221; gutter_width=&#8221;2&#8243; make_equal=&#8221;on&#8221; _builder_version=&#8221;4.9.2&#8243; _module_preset=&#8221;default&#8221;][et_pb_column type=&#8221;1_4&#8243; _builder_version=&#8221;4.9.2&#8243; _module_preset=&#8221;default&#8221; scroll_scaling_enable=&#8221;on&#8221; scroll_scaling=&#8221;0|50|50|100|20%|100%|100&#8243; scroll_blur_enable=&#8221;on&#8221;][et_pb_text _builder_version=&#8221;4.9.2&#8243; _module_preset=&#8221;default&#8221; header_4_font=&#8221;|800|||||||&#8221; header_4_text_align=&#8221;center&#8221; header_4_font_size=&#8221;21px&#8221; background_color=&#8221;#1e1e1e&#8221; height=&#8221;100%&#8221; custom_padding=&#8221;12%|20px|12%|20px|true|true&#8221; custom_css_main_element=&#8221;display:flex;||align-items:center;||justify-content:center;&#8221; border_radii=&#8221;on|20px|20px|20px|20px&#8221; box_shadow_style=&#8221;preset1&#8243; global_colors_info=&#8221;{%22gcid-6433f551-dcff-413b-91ce-bb464db69653%22:%91%93}&#8221;]\n<h4 class=\"p1\"><span class=\"s1\">Presskraft<\/span><\/h4>\n[\/et_pb_text][et_pb_text module_class=&#8221;outlineFont&#8221; _builder_version=&#8221;4.9.2&#8243; _module_preset=&#8221;default&#8221; text_font_size=&#8221;100px&#8221; positioning=&#8221;absolute&#8221; position_origin_a=&#8221;bottom_left&#8221; vertical_offset=&#8221;50%&#8221; horizontal_offset=&#8221;-5%&#8221; width=&#8221;100%&#8221; custom_margin=&#8221;||||false|false&#8221;]<b>1.<\/b>[\/et_pb_text][\/et_pb_column][et_pb_column type=&#8221;1_4&#8243; _builder_version=&#8221;4.9.2&#8243; _module_preset=&#8221;default&#8221; scroll_scaling_enable=&#8221;on&#8221; scroll_scaling=&#8221;0|50|50|100|30%|100|100&#8243; scroll_blur_enable=&#8221;on&#8221;][et_pb_text _builder_version=&#8221;4.9.2&#8243; _module_preset=&#8221;default&#8221; header_4_font=&#8221;|800|||||||&#8221; header_4_text_align=&#8221;center&#8221; header_4_font_size=&#8221;21px&#8221; background_color=&#8221;#1e1e1e&#8221; height=&#8221;100%&#8221; custom_padding=&#8221;12%|20px|12%|20px|true|true&#8221; custom_css_main_element=&#8221;display:flex;||align-items:center;||justify-content:center;&#8221; border_radii=&#8221;on|20px|20px|20px|20px&#8221; box_shadow_style=&#8221;preset1&#8243; global_colors_info=&#8221;{%22gcid-6433f551-dcff-413b-91ce-bb464db69653%22:%91%93}&#8221;]\n<h4 class=\"p1\"><span class=\"s1\"> Produkt (API)<\/span><\/h4>\n[\/et_pb_text][et_pb_text admin_label=&#8221;Text&#8221; module_class=&#8221;outlineFont&#8221; _builder_version=&#8221;4.9.2&#8243; _module_preset=&#8221;default&#8221; text_font_size=&#8221;100px&#8221; positioning=&#8221;absolute&#8221; position_origin_a=&#8221;bottom_left&#8221; vertical_offset=&#8221;50%&#8221; horizontal_offset=&#8221;-5%&#8221; width=&#8221;100%&#8221; custom_margin=&#8221;||||false|false&#8221;]<b>2.<\/b>[\/et_pb_text][\/et_pb_column][et_pb_column type=&#8221;1_4&#8243; _builder_version=&#8221;4.9.2&#8243; _module_preset=&#8221;default&#8221; scroll_scaling_enable=&#8221;on&#8221; scroll_scaling=&#8221;0|50|50|100|40%|100|100&#8243; scroll_blur_enable=&#8221;on&#8221;][et_pb_text admin_label=&#8221;Text&#8221; _builder_version=&#8221;4.9.2&#8243; _module_preset=&#8221;default&#8221; header_4_font=&#8221;|800|||||||&#8221; header_4_text_align=&#8221;center&#8221; header_4_font_size=&#8221;21px&#8221; background_color=&#8221;#1e1e1e&#8221; height=&#8221;100%&#8221; custom_padding=&#8221;12%|20px|12%|20px|true|true&#8221; custom_css_main_element=&#8221;display:flex;||align-items:center;||justify-content:center;&#8221; border_radii=&#8221;on|20px|20px|20px|20px&#8221; box_shadow_style=&#8221;preset1&#8243; global_colors_info=&#8221;{%22gcid-6433f551-dcff-413b-91ce-bb464db69653%22:%91%93}&#8221;]\n<h4 class=\"p1\"><span class=\"s1\"> Produktionsvolumen <\/span><\/h4>\n[\/et_pb_text][et_pb_text admin_label=&#8221;Text&#8221; module_class=&#8221;outlineFont&#8221; _builder_version=&#8221;4.9.2&#8243; _module_preset=&#8221;default&#8221; text_font_size=&#8221;100px&#8221; positioning=&#8221;absolute&#8221; position_origin_a=&#8221;bottom_left&#8221; vertical_offset=&#8221;50%&#8221; horizontal_offset=&#8221;-5%&#8221; width=&#8221;100%&#8221; custom_margin=&#8221;||||false|false&#8221;]<b>3.<\/b>[\/et_pb_text][\/et_pb_column][et_pb_column type=&#8221;1_4&#8243; _builder_version=&#8221;4.9.2&#8243; _module_preset=&#8221;default&#8221; scroll_scaling_enable=&#8221;on&#8221; scroll_scaling=&#8221;0|50|50|100|50%|100|100&#8243; scroll_blur_enable=&#8221;on&#8221;][et_pb_text _builder_version=&#8221;4.9.2&#8243; _module_preset=&#8221;default&#8221; header_4_font=&#8221;|800|||||||&#8221; header_4_text_align=&#8221;center&#8221; header_4_font_size=&#8221;21px&#8221; background_color=&#8221;#1e1e1e&#8221; height=&#8221;100%&#8221; custom_padding=&#8221;12%|20px|12%|20px|true|true&#8221; custom_css_main_element=&#8221;display:flex;||align-items:center;||justify-content:center;&#8221; border_radii=&#8221;on|20px|20px|20px|20px&#8221; box_shadow_style=&#8221;preset1&#8243; global_colors_info=&#8221;{%22gcid-6433f551-dcff-413b-91ce-bb464db69653%22:%91%93}&#8221;]\n<h4 class=\"p1\"><span class=\"s1\"> Tabletten-Format <\/span><\/h4>\n[\/et_pb_text][et_pb_text admin_label=&#8221;Text&#8221; module_class=&#8221;outlineFont&#8221; _builder_version=&#8221;4.9.2&#8243; _module_preset=&#8221;default&#8221; text_font_size=&#8221;100px&#8221; positioning=&#8221;absolute&#8221; position_origin_a=&#8221;bottom_left&#8221; vertical_offset=&#8221;50%&#8221; horizontal_offset=&#8221;-5%&#8221; width=&#8221;100%&#8221; custom_margin=&#8221;||||false|false&#8221;]<b>4.<\/b>[\/et_pb_text][\/et_pb_column][\/et_pb_row][et_pb_row column_structure=&#8221;1_2,1_2&#8243; use_custom_gutter=&#8221;on&#8221; gutter_width=&#8221;3&#8243; _builder_version=&#8221;4.9.2&#8243; _module_preset=&#8221;default&#8221; scroll_fade_enable=&#8221;on&#8221;][et_pb_column type=&#8221;1_2&#8243; _builder_version=&#8221;4.9.2&#8243; _module_preset=&#8221;default&#8221;][et_pb_text _builder_version=&#8221;4.9.2&#8243; _module_preset=&#8221;default&#8221; text_line_height=&#8221;1.5em&#8221;]Diferentes tipos de a\u00e7o respondem a diferentes tipos de problemas, cada a\u00e7o tem o seu objectivo.<br \/>\n<strong><span style=\"color: #D94B44;\">Standard<\/span> - Tablettierung mit hoher Qualit\u00e4t und Leistung ohne besondere Anforderungen, Qualit\u00e4tsstahl mit hoher Lebensdauer.<br \/>\n<strong><span style=\"color: #D94B44;\">L20<\/span> - widerstandsf\u00e4higer Stahl, hohe Verschlei\u00dffestigkeit und Presskraft.<\/strong><br \/>\n<strong><span style=\"color: #D94B44;\">L100<\/span> - pulvometallurgischer Stahl mit einer sehr hohen Verschlei\u00dffestigkeit und Presskraft.<\/strong>[\/et_pb_text][\/et_pb_column][et_pb_column type=&#8221;1_2&#8243; _builder_version=&#8221;4.9.2&#8243; _module_preset=&#8221;default&#8221;][et_pb_text _builder_version=&#8221;4.9.2&#8243; _module_preset=&#8221;default&#8221; header_4_font_size=&#8221;48px&#8221; custom_padding_tablet=&#8221;&#8221; custom_padding_phone=&#8221;5vh||||false|false&#8221; custom_padding_last_edited=&#8221;on|phone&#8221;]\n<h4 class=\"p1 outlineFont translation-block\">EDELSTAHL<\/h4>\n<p class=\"p1\"><strong><span class=\"s1\"><span style=\"color: #d94b44;\">L51<\/span> - Edelstahl mit hoher Korrosionsbest\u00e4ndigkeit.<\/span><\/strong><\/p>\n<p class=\"p1\"><strong><span class=\"s1\"><span style=\"color: #d94b44;\">L56<\/span> - Edelstahl, der Korrosionsbest\u00e4ndigkeit mit Verschlei\u00dffestigkeit und Presskraft kombiniert<\/span><\/strong><\/p>\n[\/et_pb_text][et_pb_button button_text=&#8221;Tabela de A\u00e7os&#8221; module_class=&#8221;tabelaAco&#8221; _builder_version=&#8221;4.9.2&#8243; _module_preset=&#8221;default&#8221; custom_button=&#8221;on&#8221; button_text_color=&#8221;#FFFFFF&#8221; button_bg_color=&#8221;gcid-fda113fc-5828-4bdf-bc46-9c530846ec91&#8243; button_icon=&#8221;%%130%%&#8221; global_colors_info=&#8221;{%22gcid-fda113fc-5828-4bdf-bc46-9c530846ec91%22:%91%22button_bg_color%22%93}&#8221;][\/et_pb_button][\/et_pb_column][\/et_pb_row][et_pb_row column_structure=&#8221;1_2,1_2&#8243; make_equal=&#8221;on&#8221; _builder_version=&#8221;4.9.2&#8243; _module_preset=&#8221;default&#8221; custom_padding=&#8221;70px|||||&#8221;][et_pb_column type=&#8221;1_2&#8243; _builder_version=&#8221;4.9.2&#8243; _module_preset=&#8221;default&#8221; custom_css_main_element=&#8221;display:flex;||flex-direction:column;||justify-content:center;&#8221;][et_pb_text module_class=&#8221;textUnderline&#8221; _builder_version=&#8221;4.9.2&#8243; _module_preset=&#8221;default&#8221; text_line_height=&#8221;1.5em&#8221; header_2_font=&#8221;|800|||||||&#8221; header_2_text_align=&#8221;center&#8221; header_2_font_size=&#8221;48px&#8221; custom_margin=&#8221;||||false|false&#8221; custom_padding=&#8221;||25px||false|false&#8221; scroll_horizontal_motion_enable=&#8221;on&#8221; scroll_horizontal_motion=&#8221;0|50|50|100|-2|0|0&#8243; scroll_fade_enable=&#8221;on&#8221; header_2_font_size_tablet=&#8221;&#8221; header_2_font_size_phone=&#8221;32px&#8221; header_2_font_size_last_edited=&#8221;on|phone&#8221; locked=&#8221;off&#8221;]\n<h2><span class=\"u01\">BESCHICHTUNGEN<\/span><\/h2>\n<p class=\"p1\"><span class=\"s1\"> Gemeinsam mit Universit\u00e4ten und Technologiepartnern hat Lurga eine Reihe von Beschichtungen entwickelt, die den Bed\u00fcrfnissen der Kunden entsprechen. Lurga f\u00fchrt kontinuierlich angewandte Forschung durch.<\/span><\/p>\n[\/et_pb_text][et_pb_button button_text=&#8221;Tabela de Revestimentos&#8221; module_class=&#8221;tabelaRevestimento&#8221; _builder_version=&#8221;4.9.2&#8243; _module_preset=&#8221;default&#8221; custom_button=&#8221;on&#8221; button_text_color=&#8221;#FFFFFF&#8221; button_bg_color=&#8221;gcid-fda113fc-5828-4bdf-bc46-9c530846ec91&#8243; button_icon=&#8221;%%130%%&#8221; scroll_fade_enable=&#8221;on&#8221; global_colors_info=&#8221;{%22gcid-fda113fc-5828-4bdf-bc46-9c530846ec91%22:%91%22button_bg_color%22%93}&#8221;][\/et_pb_button][\/et_pb_column][et_pb_column type=&#8221;1_2&#8243; _builder_version=&#8221;4.9.2&#8243; _module_preset=&#8221;default&#8221;][et_pb_image src=&#8221;https:\/\/www.lurga.pt\/wp-content\/uploads\/2023\/07\/REVESTIMENTOS_1.jpg&#8221; title_text=&#8221;REVESTIMENTOS_1&#8243; disabled_on=&#8221;on|off|off&#8221; _builder_version=&#8221;4.9.2&#8243; _module_preset=&#8221;default&#8221; position_origin_a=&#8221;top_right&#8221; vertical_offset=&#8221;-20%&#8221; horizontal_offset=&#8221;-68%&#8221; width=&#8221;65%&#8221; max_width=&#8221;100%&#8221; scroll_horizontal_motion_enable=&#8221;on&#8221; scroll_horizontal_motion=&#8221;0|50|50|100|2|0|-0.5&#8243; scroll_fade_enable=&#8221;on&#8221;][\/et_pb_image][\/et_pb_column][\/et_pb_row][et_pb_row column_structure=&#8221;1_2,1_2&#8243; _builder_version=&#8221;4.9.2&#8243; _module_preset=&#8221;default&#8221; custom_padding=&#8221;10vh||||false|false&#8221; scroll_fade_enable=&#8221;on&#8221;][et_pb_column type=&#8221;1_2&#8243; _builder_version=&#8221;4.9.2&#8243; _module_preset=&#8221;default&#8221;][et_pb_image src=&#8221;https:\/\/www.lurga.pt\/wp-content\/uploads\/2023\/07\/TRATAMENTO_1.jpg&#8221; title_text=&#8221;TRATAMENTO_1&#8243; _builder_version=&#8221;4.9.2&#8243; _module_preset=&#8221;default&#8221; width=&#8221;64%&#8221; scroll_vertical_motion_enable=&#8221;on&#8221; scroll_vertical_motion=&#8221;0|50|50|100|1|0|-1&#8243;][\/et_pb_image][\/et_pb_column][et_pb_column type=&#8221;1_2&#8243; _builder_version=&#8221;4.9.2&#8243; _module_preset=&#8221;default&#8221;][et_pb_text module_class=&#8221;textUnderline&#8221; _builder_version=&#8221;4.9.2&#8243; _module_preset=&#8221;default&#8221; text_line_height=&#8221;1.5em&#8221; header_2_font=&#8221;|800|||||||&#8221; header_2_text_align=&#8221;center&#8221; header_2_font_size=&#8221;48px&#8221; custom_margin=&#8221;||||false|false&#8221; custom_padding=&#8221;||25px||false|false&#8221; locked=&#8221;off&#8221;]\n<h2><span class=\"u01\"> W\u00c4RMEBEHANDLUNG<\/span><\/h2>\n[\/et_pb_text][et_pb_text module_class=&#8221;textHighlight&#8221; _builder_version=&#8221;4.9.2&#8243; _module_preset=&#8221;default&#8221; text_line_height=&#8221;1.5em&#8221;]\u2022 A Lurga usa a mais <strong>avan\u00e7ada tecnologia<\/strong> de tratamento t\u00e9rmico<br \/>\n\u2022 Obtemos as <strong>melhores propriedades<\/strong> para os nossos a\u00e7os<br \/>\n\u2022 O a\u00e7o requer frequentemente <strong>tratamento t\u00e9rmico<\/strong> para melhorar as suas propriedades, nomeadamente:<br \/>\n<span style=\"color: #D94B44;\">&#8211; aumentar a dureza<\/span><br \/>\n<span style=\"color: #D94B44;\">&#8211; aumentar a resist\u00eancia \u00e0 for\u00e7a de compress\u00e3o<\/span><br \/>\n<span style=\"color: #D94B44;\">&#8211; aumentar a resist\u00eancia \u00e0 corros\u00e3o.<\/span><br \/>\nou <strong>neutralizar os efeitos negativo<\/strong>s resultantes de processo de fabrico anteriores, por exemplo: remover as tens\u00f5es internas geradas por processos de fabrica\u00e7\u00e3o.<br \/>\n\u2022 Um <strong>desempenho \u00f3timo<\/strong> depende da qualidade do tratamento t\u00e9rmico.<br \/>\n\u2022 O m\u00e9todo de tratamento deve ser <strong>adequado<\/strong> para cada aplica\u00e7\u00e3o.<br \/>\n\u2022 <strong>Melhoramos as caracter\u00edsticas do a\u00e7o<\/strong>, atrav\u00e9s do adequado tratamento t\u00e9rmico, em fun\u00e7\u00e3o do produto a comprimir.[\/et_pb_text][\/et_pb_column][\/et_pb_row][et_pb_row _builder_version=&#8221;4.9.2&#8243; _module_preset=&#8221;default&#8221; scroll_fade_enable=&#8221;on&#8221; scroll_blur_enable=&#8221;on&#8221; border_width_top=&#8221;1px&#8221; border_width_bottom=&#8221;1px&#8221;][et_pb_column type=&#8221;4_4&#8243; _builder_version=&#8221;4.9.2&#8243; _module_preset=&#8221;default&#8221;][et_pb_text module_class=&#8221;textUnderline&#8221; _builder_version=&#8221;4.9.2&#8243; _module_preset=&#8221;default&#8221; text_line_height=&#8221;1.5em&#8221; header_2_font=&#8221;|800|||||||&#8221; header_2_text_align=&#8221;center&#8221; header_2_font_size=&#8221;48px&#8221; text_orientation=&#8221;center&#8221; width=&#8221;69%&#8221; width_tablet=&#8221;&#8221; width_phone=&#8221;100%&#8221; width_last_edited=&#8221;on|phone&#8221; module_alignment=&#8221;center&#8221; custom_margin=&#8221;||||false|false&#8221; header_2_font_size_tablet=&#8221;&#8221; header_2_font_size_phone=&#8221;32px&#8221; header_2_font_size_last_edited=&#8221;on|phone&#8221; locked=&#8221;off&#8221;]\n<h2 class=\"centerEl\"><span class=\"u01\">PRODUKTIVE PROZESSE und KNOW-HOW<\/span><\/h2>\n<p class=\"p1\"><span class=\"s1\"> Der Produktionsprozess f\u00fcr Druckwerkzeuge ist einzigartig und erm\u00f6glicht es uns, die besten St\u00e4hle f\u00fcr Stanzen auszuw\u00e4hlen, ohne dabei die Umweltvertr\u00e4glichkeit und die Umsetzung von Industrie 4.0 sowie die Automatisierung unseres Produktionsprozesses zu vergessen.<br \/><span style=\"color: #d94b44;\">Das gesammelte Wissen, die Technologie und die Partnerschaften mit ihren Kunden, Universit\u00e4ten und Lieferanten erm\u00f6glichen es Lurga, ihren Kunden aktuelle und innovative L\u00f6sungen anzubieten.<\/span><br \/><\/span><\/p>\n[\/et_pb_text][\/et_pb_column][\/et_pb_row][\/et_pb_section]","protected":false},"excerpt":{"rendered":"<p>[et_pb_section fb_built=&#8221;1&#8243; module_class=&#8221;flexBox flexCenter bannerPag&#8221; _builder_version=&#8221;4.9.2&#8243; _module_preset=&#8221;default&#8221; background_image=&#8221;https:\/\/www.lurga.pt\/wp-content\/uploads\/2021\/04\/bg_pags2.jpg&#8221; height=&#8221;90vh&#8221; height_tablet=&#8221;&#8221; height_phone=&#8221;65vh&#8221; height_last_edited=&#8221;on|phone&#8221; max_height=&#8221;90vh&#8221; max_height_tablet=&#8221;&#8221; max_height_phone=&#8221;&#8221; max_height_last_edited=&#8221;on|phone&#8221; bottom_divider_style=&#8221;arrow&#8221; bottom_divider_color=&#8221;gcid-6433f551-dcff-413b-91ce-bb464db69653&#8243; global_colors_info=&#8221;{%22gcid-6433f551-dcff-413b-91ce-bb464db69653%22:%91%22bottom_divider_color%22%93}&#8221;][et_pb_row _builder_version=&#8221;4.9.2&#8243; _module_preset=&#8221;default&#8221; scroll_vertical_motion=&#8221;0|50|50|100|0.5|-1|-0.5&#8243;][et_pb_column type=&#8221;4_4&#8243; _builder_version=&#8221;4.9.2&#8243; _module_preset=&#8221;default&#8221;][et_pb_text _builder_version=&#8221;4.9.2&#8243; _module_preset=&#8221;default&#8221; header_4_font=&#8221;|||on|||||&#8221; header_4_text_align=&#8221;center&#8221; header_4_font_size=&#8221;21px&#8221; header_4_letter_spacing=&#8221;3px&#8221; custom_padding=&#8221;||6px|||&#8221;] Lurga [\/et_pb_text][et_pb_post_title meta=&#8221;off&#8221; featured_image=&#8221;off&#8221; _builder_version=&#8221;4.9.2&#8243; _module_preset=&#8221;default&#8221; title_font=&#8221;|800||on|||||&#8221; title_text_align=&#8221;center&#8221; title_font_size=&#8221;72px&#8221; title_font_size_tablet=&#8221;&#8221; title_font_size_phone=&#8221;10vw&#8221; title_font_size_last_edited=&#8221;on|phone&#8221;][\/et_pb_post_title][et_pb_text _builder_version=&#8221;4.9.2&#8243; _module_preset=&#8221;default&#8221; text_line_height=&#8221;1.4em&#8221; text_orientation=&#8221;center&#8221; width=&#8221;70%&#8221; width_tablet=&#8221;&#8221; width_phone=&#8221;100%&#8221; width_last_edited=&#8221;on|phone&#8221; module_alignment=&#8221;center&#8221;] A Lurga [&hellip;]<\/p>","protected":false},"author":1,"featured_media":0,"parent":0,"menu_order":0,"comment_status":"closed","ping_status":"closed","template":"","meta":{"_et_pb_use_builder":"on","_et_pb_old_content":"","_et_gb_content_width":"","inline_featured_image":false,"_monsterinsights_skip_tracking":false,"_monsterinsights_sitenote_active":false,"_monsterinsights_sitenote_note":"","_monsterinsights_sitenote_category":0,"_uf_show_specific_survey":0,"_uf_disable_surveys":false,"footnotes":""},"class_list":["post-234","page","type-page","status-publish","hentry"],"_links":{"self":[{"href":"https:\/\/www.lurga.pt\/de\/wp-json\/wp\/v2\/pages\/234","targetHints":{"allow":["GET"]}}],"collection":[{"href":"https:\/\/www.lurga.pt\/de\/wp-json\/wp\/v2\/pages"}],"about":[{"href":"https:\/\/www.lurga.pt\/de\/wp-json\/wp\/v2\/types\/page"}],"author":[{"embeddable":true,"href":"https:\/\/www.lurga.pt\/de\/wp-json\/wp\/v2\/users\/1"}],"replies":[{"embeddable":true,"href":"https:\/\/www.lurga.pt\/de\/wp-json\/wp\/v2\/comments?post=234"}],"version-history":[{"count":22,"href":"https:\/\/www.lurga.pt\/de\/wp-json\/wp\/v2\/pages\/234\/revisions"}],"predecessor-version":[{"id":1141,"href":"https:\/\/www.lurga.pt\/de\/wp-json\/wp\/v2\/pages\/234\/revisions\/1141"}],"wp:attachment":[{"href":"https:\/\/www.lurga.pt\/de\/wp-json\/wp\/v2\/media?parent=234"}],"curies":[{"name":"wp","href":"https:\/\/api.w.org\/{rel}","templated":true}]}}