{"id":336,"date":"2021-04-09T10:14:34","date_gmt":"2021-04-09T10:14:34","guid":{"rendered":"https:\/\/www.lurga.pt\/?page_id=336"},"modified":"2021-04-29T10:18:19","modified_gmt":"2021-04-29T10:18:19","slug":"mpl-460","status":"publish","type":"page","link":"https:\/\/www.lurga.pt\/en\/produtos\/mpl-460\/","title":{"rendered":"MPL 460"},"content":{"rendered":"[et_pb_section fb_built=&#8221;1&#8243; next_background_color=&#8221;#1b1b1b&#8221; module_class=&#8221;flexBox flexCenter bannerPag&#8221; _builder_version=&#8221;4.9.2&#8243; _module_preset=&#8221;default&#8221; background_image=&#8221;https:\/\/www.lurga.pt\/wp-content\/uploads\/2021\/04\/bg_pags2.jpg&#8221; height=&#8221;90vh&#8221; max_height=&#8221;90vh&#8221; bottom_divider_style=&#8221;arrow&#8221;][et_pb_row _builder_version=&#8221;4.9.2&#8243; _module_preset=&#8221;default&#8221; scroll_vertical_motion=&#8221;0|50|50|100|0.5|-1|-0.5&#8243;][et_pb_column type=&#8221;4_4&#8243; _builder_version=&#8221;4.9.2&#8243; _module_preset=&#8221;default&#8221;][et_pb_text _builder_version=&#8221;4.9.2&#8243; _module_preset=&#8221;default&#8221; header_4_font=&#8221;|||on|||||&#8221; header_4_text_align=&#8221;center&#8221; header_4_font_size=&#8221;21px&#8221; header_4_letter_spacing=&#8221;3px&#8221; custom_padding=&#8221;||6px|||&#8221; hover_enabled=&#8221;0&#8243; link_option_url=&#8221;@ET-DC@eyJkeW5hbWljIjp0cnVlLCJjb250ZW50IjoicG9zdF9saW5rX3VybF9wYWdlIiwic2V0dGluZ3MiOnsicG9zdF9pZCI6IjI1NiJ9fQ==@&#8221; _dynamic_attributes=&#8221;link_option_url&#8221; sticky_enabled=&#8221;0&#8243; locked=&#8221;off&#8221;]\n<h4>Products<\/h4>\n[\/et_pb_text][et_pb_post_title meta=&#8221;off&#8221; featured_image=&#8221;off&#8221; _builder_version=&#8221;4.9.2&#8243; _module_preset=&#8221;default&#8221; title_font=&#8221;|800||on|||||&#8221; title_text_align=&#8221;center&#8221; title_font_size=&#8221;72px&#8221;][\/et_pb_post_title][et_pb_text _builder_version=&#8221;4.9.2&#8243; _module_preset=&#8221;default&#8221; text_line_height=&#8221;1.6em&#8221; text_orientation=&#8221;center&#8221; width=&#8221;70%&#8221; module_alignment=&#8221;center&#8221;]\n<p class=\"p1 translation-block\"><span class=\"s1\">Melhores resultados na compress\u00e3o ap\u00f3s o polimento das ferramentas. M\u00e1quinas preparadas para utiliza\u00e7\u00e3o intensiva, sem requererem manuten\u00e7\u00e3o especializada. <\/span><span class=\"s1\">Polimento autom\u00e1tico do corpo e da zona de compress\u00e3o em 20 minutos. Software intuitivo e de f\u00e1cil utiliza\u00e7\u00e3o.<span class=\"Apple-converted-space\">&nbsp;<\/span><\/span><\/p>\n[\/et_pb_text][et_pb_image src=&#8221;https:\/\/www.lurga.pt\/wp-content\/uploads\/2021\/04\/arrow.gif&#8221; title_text=&#8221;arrow&#8221; align=&#8221;center&#8221; _builder_version=&#8221;4.9.2&#8243; _module_preset=&#8221;default&#8221; width=&#8221;50px&#8221; custom_margin=&#8221;5%||||false|false&#8221; filter_invert=&#8221;100%&#8221;][\/et_pb_image][\/et_pb_column][\/et_pb_row][\/et_pb_section][et_pb_section fb_built=&#8221;1&#8243; _builder_version=&#8221;4.9.2&#8243; _module_preset=&#8221;default&#8221; custom_padding=&#8221;5px|||||&#8221;][et_pb_row column_structure=&#8221;1_2,1_2&#8243; make_equal=&#8221;on&#8221; _builder_version=&#8221;4.9.2&#8243; _module_preset=&#8221;default&#8221; custom_margin=&#8221;0px||40px||false|false&#8221; border_width_bottom=&#8221;1px&#8221; locked=&#8221;off&#8221;][et_pb_column type=&#8221;1_2&#8243; _builder_version=&#8221;4.9.2&#8243; _module_preset=&#8221;default&#8221;][et_pb_image src=&#8221;https:\/\/www.lurga.pt\/wp-content\/uploads\/2021\/04\/01.png&#8221; title_text=&#8221;01&#8243; _builder_version=&#8221;4.9.2&#8243; _module_preset=&#8221;default&#8221; width=&#8221;92%&#8221; module_alignment=&#8221;center&#8221;][\/et_pb_image][\/et_pb_column][et_pb_column type=&#8221;1_2&#8243; _builder_version=&#8221;4.9.2&#8243; _module_preset=&#8221;default&#8221; custom_padding=&#8221;||||false|false&#8221; custom_css_main_element=&#8221;display:flex;||flex-direction:column;||justify-content:center;&#8221;][et_pb_text _builder_version=&#8221;4.9.2&#8243; _module_preset=&#8221;default&#8221; header_2_font_size=&#8221;48px&#8221; locked=&#8221;off&#8221;]\n<h2 class=\"outlineFont\"><b><span class=\"u01\">Capacity<\/span><\/b><\/h2>\n[\/et_pb_text][et_pb_blurb use_icon=&#8221;on&#8221; font_icon=&#8221;%%32%%&#8221; icon_placement=&#8221;left&#8221; content_max_width=&#8221;100%&#8221; _builder_version=&#8221;4.9.2&#8243; _module_preset=&#8221;default&#8221; custom_margin=&#8221;10px||10px||true|false&#8221; locked=&#8221;off&#8221;]\n<p class=\"p1\"><span class=\"s1\">32 punches <span style=\"color: #d94b44;\">type B<\/span><\/span><\/p>\n[\/et_pb_blurb][et_pb_blurb use_icon=&#8221;on&#8221; font_icon=&#8221;%%32%%&#8221; icon_placement=&#8221;left&#8221; content_max_width=&#8221;100%&#8221; _builder_version=&#8221;4.9.2&#8243; _module_preset=&#8221;default&#8221; custom_margin=&#8221;10px||10px||true|false&#8221; locked=&#8221;off&#8221;]\n<p class=\"p1\"><span class=\"s1\">24 punches <span style=\"color: #d94b44;\">type D<\/span><\/span><\/p>\n[\/et_pb_blurb][et_pb_blurb use_icon=&#8221;on&#8221; font_icon=&#8221;%%32%%&#8221; icon_placement=&#8221;left&#8221; content_max_width=&#8221;100%&#8221; _builder_version=&#8221;4.9.2&#8243; _module_preset=&#8221;default&#8221; custom_margin=&#8221;10px||10px||true|false&#8221; locked=&#8221;off&#8221;]\n<p class=\"p1\"><span class=\"s1\">24 dies<\/span><span class=\"s1\">\u00a0<span style=\"color: #d94b44;\">type B<\/span><\/span><\/p>\n[\/et_pb_blurb][et_pb_blurb use_icon=&#8221;on&#8221; font_icon=&#8221;%%32%%&#8221; icon_placement=&#8221;left&#8221; content_max_width=&#8221;100%&#8221; _builder_version=&#8221;4.9.2&#8243; _module_preset=&#8221;default&#8221; custom_margin=&#8221;10px||10px||true|false&#8221; locked=&#8221;off&#8221;]\n<p class=\"p1\"><span class=\"s1\">24 dies<\/span><span class=\"s1\">\u00a0<span style=\"color: #d94b44;\">type D<\/span><\/span><\/p>\n[\/et_pb_blurb][et_pb_text _builder_version=&#8221;4.9.2&#8243; _module_preset=&#8221;default&#8221; header_2_font_size=&#8221;48px&#8221; locked=&#8221;off&#8221;]\n<h2 class=\"outlineFont\"><b><span class=\"u01\">Features<\/span><\/b><\/h2>\n[\/et_pb_text][et_pb_blurb use_icon=&#8221;on&#8221; font_icon=&#8221;%%32%%&#8221; icon_placement=&#8221;left&#8221; content_max_width=&#8221;100%&#8221; _builder_version=&#8221;4.9.2&#8243; _module_preset=&#8221;default&#8221; custom_margin=&#8221;10px||10px||true|false&#8221; locked=&#8221;off&#8221;]\n<p class=\"p1\"><span class=\"s1\">Power: 2hp<\/span><\/p>\n[\/et_pb_blurb][et_pb_blurb use_icon=&#8221;on&#8221; font_icon=&#8221;%%32%%&#8221; icon_placement=&#8221;left&#8221; content_max_width=&#8221;100%&#8221; _builder_version=&#8221;4.9.2&#8243; _module_preset=&#8221;default&#8221; custom_margin=&#8221;10px||10px||true|false&#8221; locked=&#8221;off&#8221;]\n<p class=\"p1\"><span class=\"s1\">No. of axes: 4<\/span><\/p>\n[\/et_pb_blurb][et_pb_blurb use_icon=&#8221;on&#8221; font_icon=&#8221;%%32%%&#8221; icon_placement=&#8221;left&#8221; content_max_width=&#8221;100%&#8221; _builder_version=&#8221;4.9.2&#8243; _module_preset=&#8221;default&#8221; custom_margin=&#8221;10px||10px||true|false&#8221; locked=&#8221;off&#8221;]\n<p class=\"p1 translation-block\"><span class=\"s1\">Dimens\u00f5es:<span class=\"Apple-converted-space\">&nbsp; <\/span>1050x770x2100mm<\/span><\/p>\n[\/et_pb_blurb][et_pb_blurb use_icon=&#8221;on&#8221; font_icon=&#8221;%%32%%&#8221; icon_placement=&#8221;left&#8221; content_max_width=&#8221;100%&#8221; _builder_version=&#8221;4.9.2&#8243; _module_preset=&#8221;default&#8221; custom_margin=&#8221;10px||10px||true|false&#8221; locked=&#8221;off&#8221;]\n<p class=\"p1\"><span class=\"s1\">Weight: 300kg<\/span><\/p>\n[\/et_pb_blurb][et_pb_blurb use_icon=&#8221;on&#8221; font_icon=&#8221;%%32%%&#8221; icon_placement=&#8221;left&#8221; content_max_width=&#8221;100%&#8221; _builder_version=&#8221;4.9.2&#8243; _module_preset=&#8221;default&#8221; custom_margin=&#8221;10px||10px||true|false&#8221; locked=&#8221;off&#8221;]\n<p class=\"p1\"><span class=\"s1\">Maximum speed: 26 RPM<\/span><\/p>\n[\/et_pb_blurb][\/et_pb_column][\/et_pb_row][\/et_pb_section]","protected":false},"excerpt":{"rendered":"<p>[et_pb_section fb_built=&#8221;1&#8243; next_background_color=&#8221;#1b1b1b&#8221; module_class=&#8221;flexBox flexCenter bannerPag&#8221; _builder_version=&#8221;4.9.2&#8243; _module_preset=&#8221;default&#8221; background_image=&#8221;https:\/\/www.lurga.pt\/wp-content\/uploads\/2021\/04\/bg_pags2.jpg&#8221; height=&#8221;90vh&#8221; max_height=&#8221;90vh&#8221; bottom_divider_style=&#8221;arrow&#8221;][et_pb_row _builder_version=&#8221;4.9.2&#8243; _module_preset=&#8221;default&#8221; scroll_vertical_motion=&#8221;0|50|50|100|0.5|-1|-0.5&#8243;][et_pb_column type=&#8221;4_4&#8243; _builder_version=&#8221;4.9.2&#8243; _module_preset=&#8221;default&#8221;][et_pb_text _builder_version=&#8221;4.9.2&#8243; _module_preset=&#8221;default&#8221; header_4_font=&#8221;|||on|||||&#8221; header_4_text_align=&#8221;center&#8221; header_4_font_size=&#8221;21px&#8221; header_4_letter_spacing=&#8221;3px&#8221; custom_padding=&#8221;||6px|||&#8221; hover_enabled=&#8221;0&#8243; link_option_url=&#8221;@ET-DC@eyJkeW5hbWljIjp0cnVlLCJjb250ZW50IjoicG9zdF9saW5rX3VybF9wYWdlIiwic2V0dGluZ3MiOnsicG9zdF9pZCI6IjI1NiJ9fQ==@&#8221; _dynamic_attributes=&#8221;link_option_url&#8221; sticky_enabled=&#8221;0&#8243; locked=&#8221;off&#8221;] Produtos [\/et_pb_text][et_pb_post_title meta=&#8221;off&#8221; featured_image=&#8221;off&#8221; _builder_version=&#8221;4.9.2&#8243; _module_preset=&#8221;default&#8221; title_font=&#8221;|800||on|||||&#8221; title_text_align=&#8221;center&#8221; title_font_size=&#8221;72px&#8221;][\/et_pb_post_title][et_pb_text _builder_version=&#8221;4.9.2&#8243; _module_preset=&#8221;default&#8221; text_line_height=&#8221;1.6em&#8221; text_orientation=&#8221;center&#8221; width=&#8221;70%&#8221; module_alignment=&#8221;center&#8221;] Melhores resultados na compress\u00e3o ap\u00f3s o polimento das ferramentas. M\u00e1quinas [&hellip;]<\/p>","protected":false},"author":1,"featured_media":0,"parent":256,"menu_order":0,"comment_status":"closed","ping_status":"closed","template":"","meta":{"_et_pb_use_builder":"on","_et_pb_old_content":"","_et_gb_content_width":"","inline_featured_image":false,"_monsterinsights_skip_tracking":false,"_monsterinsights_sitenote_active":false,"_monsterinsights_sitenote_note":"","_monsterinsights_sitenote_category":0,"_uf_show_specific_survey":0,"_uf_disable_surveys":false,"footnotes":""},"class_list":["post-336","page","type-page","status-publish","hentry"],"_links":{"self":[{"href":"https:\/\/www.lurga.pt\/en\/wp-json\/wp\/v2\/pages\/336","targetHints":{"allow":["GET"]}}],"collection":[{"href":"https:\/\/www.lurga.pt\/en\/wp-json\/wp\/v2\/pages"}],"about":[{"href":"https:\/\/www.lurga.pt\/en\/wp-json\/wp\/v2\/types\/page"}],"author":[{"embeddable":true,"href":"https:\/\/www.lurga.pt\/en\/wp-json\/wp\/v2\/users\/1"}],"replies":[{"embeddable":true,"href":"https:\/\/www.lurga.pt\/en\/wp-json\/wp\/v2\/comments?post=336"}],"version-history":[{"count":5,"href":"https:\/\/www.lurga.pt\/en\/wp-json\/wp\/v2\/pages\/336\/revisions"}],"predecessor-version":[{"id":756,"href":"https:\/\/www.lurga.pt\/en\/wp-json\/wp\/v2\/pages\/336\/revisions\/756"}],"up":[{"embeddable":true,"href":"https:\/\/www.lurga.pt\/en\/wp-json\/wp\/v2\/pages\/256"}],"wp:attachment":[{"href":"https:\/\/www.lurga.pt\/en\/wp-json\/wp\/v2\/media?parent=336"}],"curies":[{"name":"wp","href":"https:\/\/api.w.org\/{rel}","templated":true}]}}