{"id":161,"date":"2021-04-08T09:32:35","date_gmt":"2021-04-08T09:32:35","guid":{"rendered":"https:\/\/www.lurga.pt\/?page_id=161"},"modified":"2024-03-18T09:08:02","modified_gmt":"2024-03-18T09:08:02","slug":"quem-somos","status":"publish","type":"page","link":"https:\/\/www.lurga.pt\/fr\/quem-somos\/","title":{"rendered":"Qui Nous Sommes?"},"content":{"rendered":"[et_pb_section fb_built=&#8221;1&#8243; next_background_color=&#8221;#1b1b1b&#8221; module_class=&#8221;flexBox flexCenter bannerPag&#8221; _builder_version=&#8221;4.9.2&#8243; _module_preset=&#8221;default&#8221; background_image=&#8221;https:\/\/www.lurga.pt\/wp-content\/uploads\/2021\/04\/bg_pags2.jpg&#8221; height=&#8221;90vh&#8221; max_height=&#8221;90vh&#8221; bottom_divider_style=&#8221;arrow&#8221;][et_pb_row _builder_version=&#8221;4.9.2&#8243; _module_preset=&#8221;default&#8221; scroll_vertical_motion=&#8221;0|50|50|100|0.5|-1|-0.5&#8243;][et_pb_column type=&#8221;4_4&#8243; _builder_version=&#8221;4.9.2&#8243; _module_preset=&#8221;default&#8221;][et_pb_text _builder_version=&#8221;4.9.2&#8243; _module_preset=&#8221;default&#8221; header_4_font=&#8221;|||on|||||&#8221; header_4_text_align=&#8221;center&#8221; header_4_font_size=&#8221;21px&#8221; header_4_letter_spacing=&#8221;3px&#8221; custom_padding=&#8221;||6px|||&#8221;]\n<h4>Lurga<\/h4>\n[\/et_pb_text][et_pb_post_title meta=&#8221;off&#8221; featured_image=&#8221;off&#8221; _builder_version=&#8221;4.9.2&#8243; _module_preset=&#8221;default&#8221; title_font=&#8221;|800||on|||||&#8221; title_text_align=&#8221;center&#8221; title_font_size=&#8221;72px&#8221; title_font_size_tablet=&#8221;&#8221; title_font_size_phone=&#8221;17vw&#8221; title_font_size_last_edited=&#8221;on|phone&#8221;][\/et_pb_post_title][et_pb_text _builder_version=&#8221;4.9.2&#8243; _module_preset=&#8221;default&#8221; text_line_height=&#8221;1.4em&#8221; text_orientation=&#8221;center&#8221; width=&#8221;70%&#8221; width_tablet=&#8221;&#8221; width_phone=&#8221;100%&#8221; width_last_edited=&#8221;on|phone&#8221; module_alignment=&#8221;center&#8221;]\n<p class=\"p1\">Bas\u00e9e au Portugal est une soci\u00e9t\u00e9 d\u00e9di\u00e9e \u00e0 la recherche, la conception, la fabrication, la vente et l'assistance apr\u00e8s-vente de machines et d'outils, principalement pour la production de l'industrie pharmaceutique et alimentaire.<\/p>\n[\/et_pb_text][et_pb_image src=&#8221;https:\/\/www.lurga.pt\/wp-content\/uploads\/2021\/04\/arrow.gif&#8221; title_text=&#8221;arrow&#8221; align=&#8221;center&#8221; _builder_version=&#8221;4.9.2&#8243; _module_preset=&#8221;default&#8221; width=&#8221;4%&#8221; custom_padding=&#8221;5%||||false|false&#8221; filter_brightness=&#8221;200%&#8221; filter_invert=&#8221;100%&#8221; scroll_vertical_motion=&#8221;0|87|87|100|0|2|-2&#8243; scroll_fade=&#8221;0|0|0|100|100%|100%|0%&#8221;][\/et_pb_image][\/et_pb_column][\/et_pb_row][\/et_pb_section][et_pb_section fb_built=&#8221;1&#8243; _builder_version=&#8221;4.9.2&#8243; _module_preset=&#8221;default&#8221; background_color=&#8221;gcid-6433f551-dcff-413b-91ce-bb464db69653&#8243; top_divider_color=&#8221;gcid-6433f551-dcff-413b-91ce-bb464db69653&#8243; global_colors_info=&#8221;{%22gcid-6433f551-dcff-413b-91ce-bb464db69653%22:%91%22top_divider_color%22,%22background_color%22%93}&#8221;][et_pb_row column_structure=&#8221;1_2,1_2&#8243; use_custom_gutter=&#8221;on&#8221; gutter_width=&#8221;3&#8243; make_equal=&#8221;on&#8221; _builder_version=&#8221;4.9.2&#8243; _module_preset=&#8221;default&#8221;][et_pb_column type=&#8221;1_2&#8243; module_class=&#8221;flexBox flexCenter&#8221; _builder_version=&#8221;4.9.2&#8243; _module_preset=&#8221;default&#8221;][et_pb_text module_class=&#8221;textUnderline&#8221; _builder_version=&#8221;4.9.2&#8243; _module_preset=&#8221;default&#8221; text_line_height=&#8221;1.5em&#8221; header_2_font=&#8221;|800|||||||&#8221; header_2_font_size=&#8221;48px&#8221;]\n<h2><span class=\"u01\">HISTOIRE<\/span><\/h2>\n<p class=\"p1\"><span class=\"s1\">Fond\u00e9e en 1968 par M. Jos\u00e9 Manuel Paulino, elle s'est rapidement d\u00e9marqu\u00e9e dans le secteur des outils de haute pr\u00e9cision. Actuellement, Lurga fournit, \u00e0 l'\u00e9chelle mondiale, des outils de compression pour toutes les industries, \u00e0 savoir: pharmaceutique, nutraceutique et chimique.<\/span><\/p>\n[\/et_pb_text][\/et_pb_column][et_pb_column type=&#8221;1_2&#8243; _builder_version=&#8221;4.9.2&#8243; _module_preset=&#8221;default&#8221;][et_pb_image src=&#8221;https:\/\/www.lurga.pt\/wp-content\/uploads\/2023\/07\/QUEM-SOMOS-scaled.jpg&#8221; title_text=&#8221;QUEM-SOMOS&#8221; align=&#8221;center&#8221; _builder_version=&#8221;4.9.2&#8243; _module_preset=&#8221;default&#8221; width=&#8221;90%&#8221; width_tablet=&#8221;&#8221; width_phone=&#8221;100%&#8221; width_last_edited=&#8221;on|phone&#8221; custom_padding_tablet=&#8221;&#8221; custom_padding_phone=&#8221;3vh||||false|false&#8221; custom_padding_last_edited=&#8221;on|phone&#8221; scroll_vertical_motion_enable=&#8221;on&#8221; scroll_vertical_motion=&#8221;0|50|50|100|1|0|-1&#8243; scroll_vertical_motion_tablet=&#8221;&#8221; scroll_vertical_motion_phone=&#8221;0|50|50|100|0|0|0&#8243; scroll_vertical_motion_last_edited=&#8221;on|phone&#8221; box_shadow_style=&#8221;preset1&#8243;][\/et_pb_image][\/et_pb_column][\/et_pb_row][et_pb_row column_structure=&#8221;1_2,1_2&#8243; use_custom_gutter=&#8221;on&#8221; gutter_width=&#8221;3&#8243; make_equal=&#8221;on&#8221; module_class=&#8221;flexInvert&#8221; _builder_version=&#8221;4.9.2&#8243; _module_preset=&#8221;default&#8221; custom_css_before_last_edited=&#8221;on|desktop&#8221;][et_pb_column type=&#8221;1_2&#8243; _builder_version=&#8221;4.9.2&#8243; _module_preset=&#8221;default&#8221; custom_css_before_last_edited=&#8221;on|phone&#8221;][et_pb_image src=&#8221;https:\/\/www.lurga.pt\/wp-content\/uploads\/2023\/07\/MULTIPONTAS-PARA-CATALOGO_JUNTAS-scaled.jpg&#8221; title_text=&#8221;MULTIPONTAS-PARA-CATALOGO_JUNTAS&#8221; align=&#8221;center&#8221; _builder_version=&#8221;4.9.2&#8243; _module_preset=&#8221;default&#8221; width=&#8221;90%&#8221; width_tablet=&#8221;&#8221; width_phone=&#8221;100%&#8221; width_last_edited=&#8221;on|phone&#8221; custom_padding_tablet=&#8221;&#8221; custom_padding_phone=&#8221;3vh||||false|false&#8221; custom_padding_last_edited=&#8221;on|phone&#8221; scroll_vertical_motion_enable=&#8221;on&#8221; scroll_vertical_motion=&#8221;0|50|50|100|1|0|-1&#8243; scroll_vertical_motion_tablet=&#8221;&#8221; scroll_vertical_motion_phone=&#8221;0|50|50|100|0|0|0&#8243; scroll_vertical_motion_last_edited=&#8221;on|phone&#8221; box_shadow_style=&#8221;preset1&#8243;][\/et_pb_image][\/et_pb_column][et_pb_column type=&#8221;1_2&#8243; module_class=&#8221;flexBox flexCenter&#8221; _builder_version=&#8221;4.9.2&#8243; _module_preset=&#8221;default&#8221; custom_css_main_element=&#8221;order:2;&#8221; custom_css_before_last_edited=&#8221;on|desktop&#8221;][et_pb_text module_class=&#8221;textUnderline&#8221; _builder_version=&#8221;4.9.2&#8243; _module_preset=&#8221;default&#8221; text_line_height=&#8221;1.5em&#8221; header_2_font=&#8221;|800|||||||&#8221; header_2_font_size=&#8221;48px&#8221; hover_enabled=&#8221;0&#8243; sticky_enabled=&#8221;0&#8243;]\n<h2><span class=\"u01\">MISSION<\/span><\/h2>\n<p class=\"p1\"><span>Nous concevons et d\u00e9veloppons des solutions de compression performantes pour nos clients sur le march\u00e9 mondial!<\/span><\/p>\n[\/et_pb_text][\/et_pb_column][\/et_pb_row][\/et_pb_section][et_pb_section fb_built=&#8221;1&#8243; _builder_version=&#8221;4.9.2&#8243; _module_preset=&#8221;default&#8221; background_color=&#8221;gcid-6433f551-dcff-413b-91ce-bb464db69653&#8243; global_colors_info=&#8221;{%22gcid-6433f551-dcff-413b-91ce-bb464db69653%22:%91%22background_color%22%93}&#8221;][et_pb_row column_structure=&#8221;1_2,1_2&#8243; use_custom_gutter=&#8221;on&#8221; gutter_width=&#8221;3&#8243; _builder_version=&#8221;4.9.2&#8243; _module_preset=&#8221;default&#8221; width=&#8221;100%&#8221; max_width=&#8221;100%&#8221;][et_pb_column type=&#8221;1_2&#8243; _builder_version=&#8221;4.9.2&#8243; _module_preset=&#8221;default&#8221;][et_pb_image src=&#8221;https:\/\/www.lurga.pt\/wp-content\/uploads\/2023\/07\/MULTI-EM-MUNDO-BOLA.jpg&#8221; title_text=&#8221;MULTI-EM-MUNDO-BOLA&#8221; _builder_version=&#8221;4.9.2&#8243; _module_preset=&#8221;default&#8221; scroll_vertical_motion_enable=&#8221;on&#8221; scroll_vertical_motion=&#8221;0|50|50|100|-0.5|0|0.5&#8243;][\/et_pb_image][\/et_pb_column][et_pb_column type=&#8221;1_2&#8243; admin_label=&#8221;Column&#8221; _builder_version=&#8221;4.9.2&#8243; _module_preset=&#8221;default&#8221;][et_pb_text module_class=&#8221;textUnderline&#8221; _builder_version=&#8221;4.9.2&#8243; _module_preset=&#8221;default&#8221; text_line_height=&#8221;1.5em&#8221; header_2_font=&#8221;|800|||||||&#8221; header_2_font_size=&#8221;48px&#8221; width=&#8221;80%&#8221; custom_padding_tablet=&#8221;&#8221; custom_padding_phone=&#8221;|||5vw|false|false&#8221; custom_padding_last_edited=&#8221;on|phone&#8221; scroll_vertical_motion_enable=&#8221;on&#8221; scroll_vertical_motion=&#8221;0|50|50|100|-1|0|0&#8243; scroll_fade_enable=&#8221;on&#8221; scroll_blur_enable=&#8221;on&#8221; hover_enabled=&#8221;0&#8243; sticky_enabled=&#8221;0&#8243;]\n<h2 class=\"outlineFont\"><b>Politique de qualit\u00e9<\/b><br \/>Qualit\u00e9<\/h2>\n<p class=\"p1\"><span>La politique de Lurga vise \u00e0 optimiser le rapport qualit\u00e9\/co\u00fbt, \u00e0 fid\u00e9liser la client\u00e8le, \u00e0 d\u00e9velopper des relations mutuellement b\u00e9n\u00e9fiques avec nos fournisseurs, \u00e0 conqu\u00e9rir de nouveaux march\u00e9s, \u00e0 d\u00e9velopper nos collaborateurs et \u00e0 am\u00e9liorer en permanence l'efficacit\u00e9 et l'efficience du syst\u00e8me de qualit\u00e9. Elle s'appuie sur les lignes d'action suivantes:<\/span><\/p>\n[\/et_pb_text][et_pb_blurb use_icon=&#8221;on&#8221; font_icon=&#8221;%%6%%&#8221; icon_placement=&#8221;left&#8221; content_max_width=&#8221;5000px&#8221; _builder_version=&#8221;4.9.2&#8243; _module_preset=&#8221;default&#8221; body_font_size=&#8221;16px&#8221; body_line_height=&#8221;1.5em&#8221; width=&#8221;80%&#8221; custom_margin=&#8221;||11px|||&#8221; custom_padding=&#8221;||||false|false&#8221; custom_padding_tablet=&#8221;&#8221; custom_padding_phone=&#8221;|||5vw|false|false&#8221; custom_padding_last_edited=&#8221;on|phone&#8221; scroll_horizontal_motion_enable=&#8221;on&#8221; scroll_horizontal_motion=&#8221;0|50|50|100|1|0|0&#8243; scroll_fade_enable=&#8221;on&#8221;]\n<p class=\"p1\"><span class=\"s1\">Promouvoir la qualit\u00e9 et le d\u00e9veloppement durable, en mettant en \u0153uvre et en maintenant l'am\u00e9lioration continue du Syst\u00e8me de Management de la Qualit\u00e9 afin d'obtenir de meilleurs r\u00e9sultats en termes d'efficacit\u00e9 et de performance des processus internes;<\/span><\/p>\n[\/et_pb_blurb][et_pb_blurb use_icon=&#8221;on&#8221; font_icon=&#8221;%%6%%&#8221; icon_placement=&#8221;left&#8221; content_max_width=&#8221;5000px&#8221; _builder_version=&#8221;4.9.2&#8243; _module_preset=&#8221;default&#8221; body_font_size=&#8221;16px&#8221; body_line_height=&#8221;1.5em&#8221; width=&#8221;80%&#8221; custom_margin=&#8221;||16px|||&#8221; custom_padding=&#8221;||||false|false&#8221; custom_padding_tablet=&#8221;&#8221; custom_padding_phone=&#8221;|||5vw|false|false&#8221; custom_padding_last_edited=&#8221;on|phone&#8221; scroll_horizontal_motion_enable=&#8221;on&#8221; scroll_horizontal_motion=&#8221;0|50|50|100|1|0|0&#8243; scroll_fade_enable=&#8221;on&#8221;]\n<p class=\"p1\"><span class=\"s1\">Assurer un haut niveau de satisfaction des clients, dans le respect de leurs exigences, de la l\u00e9gislation et de la r\u00e9glementation applicables \u00e0 l'activit\u00e9 et aux march\u00e9s sur lesquels nous op\u00e9rons;<\/span><\/p>\n[\/et_pb_blurb][et_pb_blurb use_icon=&#8221;on&#8221; font_icon=&#8221;%%6%%&#8221; icon_placement=&#8221;left&#8221; content_max_width=&#8221;5000px&#8221; _builder_version=&#8221;4.9.2&#8243; _module_preset=&#8221;default&#8221; body_font_size=&#8221;16px&#8221; body_line_height=&#8221;1.5em&#8221; width=&#8221;80%&#8221; custom_margin=&#8221;||13px|||&#8221; custom_padding=&#8221;||||false|false&#8221; custom_padding_tablet=&#8221;&#8221; custom_padding_phone=&#8221;|||5vw|false|false&#8221; custom_padding_last_edited=&#8221;on|phone&#8221; scroll_horizontal_motion_enable=&#8221;on&#8221; scroll_horizontal_motion=&#8221;0|50|50|100|1|0|0&#8243; scroll_fade_enable=&#8221;on&#8221;]\n<p class=\"p1\"><span class=\"s1\">Promouvoir le d\u00e9veloppement d'une culture de l'excellence chez chacun des Collaborateurs, dans l'exercice de leurs missions (individuelles et en \u00e9quipes de travail), la formation professionnelle \u00e9tant un souci constant de l'am\u00e9lioration des comp\u00e9tences individuelles des personnes et de la capacit\u00e9 \u00e0 intervenir au niveau global niveau;<\/span><\/p>\n[\/et_pb_blurb][et_pb_blurb use_icon=&#8221;on&#8221; font_icon=&#8221;%%6%%&#8221; icon_placement=&#8221;left&#8221; content_max_width=&#8221;5000px&#8221; _builder_version=&#8221;4.9.2&#8243; _module_preset=&#8221;default&#8221; body_font_size=&#8221;16px&#8221; body_line_height=&#8221;1.5em&#8221; width=&#8221;80%&#8221; custom_margin=&#8221;||14px|||&#8221; custom_padding=&#8221;||||false|false&#8221; custom_padding_tablet=&#8221;&#8221; custom_padding_phone=&#8221;|||5vw|false|false&#8221; custom_padding_last_edited=&#8221;on|phone&#8221; scroll_horizontal_motion_enable=&#8221;on&#8221; scroll_horizontal_motion=&#8221;0|50|50|100|1|0|0&#8243; scroll_fade_enable=&#8221;on&#8221;]\n<p class=\"p1\"><span class=\"s1\">Am\u00e9liorer l'utilisation des ressources (internes et externes) et promouvoir des relations mutuellement avantageuses avec nos partenaires;<\/span><\/p>\n[\/et_pb_blurb][et_pb_blurb use_icon=&#8221;on&#8221; font_icon=&#8221;%%6%%&#8221; icon_placement=&#8221;left&#8221; content_max_width=&#8221;5000px&#8221; _builder_version=&#8221;4.9.2&#8243; _module_preset=&#8221;default&#8221; body_font_size=&#8221;16px&#8221; body_line_height=&#8221;1.5em&#8221; width=&#8221;80%&#8221; custom_padding=&#8221;||||false|false&#8221; custom_padding_tablet=&#8221;&#8221; custom_padding_phone=&#8221;|||5vw|false|false&#8221; custom_padding_last_edited=&#8221;on|phone&#8221; scroll_horizontal_motion_enable=&#8221;on&#8221; scroll_horizontal_motion=&#8221;0|50|50|100|1|0|0&#8243; scroll_fade_enable=&#8221;on&#8221;]\n<p class=\"p1\"><span class=\"s1\">\u00c9tablir et maintenir des canaux de communication, en favorisant l'\u00e9change d'informations avec toutes les parties int\u00e9ress\u00e9es.<\/span><\/p>\n[\/et_pb_blurb][\/et_pb_column][\/et_pb_row][\/et_pb_section]","protected":false},"excerpt":{"rendered":"<p>[et_pb_section fb_built=&#8221;1&#8243; next_background_color=&#8221;#1b1b1b&#8221; module_class=&#8221;flexBox flexCenter bannerPag&#8221; _builder_version=&#8221;4.9.2&#8243; _module_preset=&#8221;default&#8221; background_image=&#8221;https:\/\/www.lurga.pt\/wp-content\/uploads\/2021\/04\/bg_pags2.jpg&#8221; height=&#8221;90vh&#8221; max_height=&#8221;90vh&#8221; bottom_divider_style=&#8221;arrow&#8221;][et_pb_row _builder_version=&#8221;4.9.2&#8243; _module_preset=&#8221;default&#8221; scroll_vertical_motion=&#8221;0|50|50|100|0.5|-1|-0.5&#8243;][et_pb_column type=&#8221;4_4&#8243; _builder_version=&#8221;4.9.2&#8243; _module_preset=&#8221;default&#8221;][et_pb_text _builder_version=&#8221;4.9.2&#8243; _module_preset=&#8221;default&#8221; header_4_font=&#8221;|||on|||||&#8221; header_4_text_align=&#8221;center&#8221; header_4_font_size=&#8221;21px&#8221; header_4_letter_spacing=&#8221;3px&#8221; custom_padding=&#8221;||6px|||&#8221;] Lurga [\/et_pb_text][et_pb_post_title meta=&#8221;off&#8221; featured_image=&#8221;off&#8221; _builder_version=&#8221;4.9.2&#8243; _module_preset=&#8221;default&#8221; title_font=&#8221;|800||on|||||&#8221; title_text_align=&#8221;center&#8221; title_font_size=&#8221;72px&#8221; title_font_size_tablet=&#8221;&#8221; title_font_size_phone=&#8221;17vw&#8221; title_font_size_last_edited=&#8221;on|phone&#8221;][\/et_pb_post_title][et_pb_text _builder_version=&#8221;4.9.2&#8243; _module_preset=&#8221;default&#8221; text_line_height=&#8221;1.4em&#8221; text_orientation=&#8221;center&#8221; width=&#8221;70%&#8221; width_tablet=&#8221;&#8221; width_phone=&#8221;100%&#8221; width_last_edited=&#8221;on|phone&#8221; module_alignment=&#8221;center&#8221;] Sedeada em Portugal \u00e9 uma empresa que se dedica [&hellip;]<\/p>","protected":false},"author":1,"featured_media":0,"parent":0,"menu_order":0,"comment_status":"closed","ping_status":"closed","template":"","meta":{"_et_pb_use_builder":"on","_et_pb_old_content":"","_et_gb_content_width":"","inline_featured_image":false,"_monsterinsights_skip_tracking":false,"_monsterinsights_sitenote_active":false,"_monsterinsights_sitenote_note":"","_monsterinsights_sitenote_category":0,"_uf_show_specific_survey":0,"_uf_disable_surveys":false,"footnotes":""},"class_list":["post-161","page","type-page","status-publish","hentry"],"_links":{"self":[{"href":"https:\/\/www.lurga.pt\/fr\/wp-json\/wp\/v2\/pages\/161","targetHints":{"allow":["GET"]}}],"collection":[{"href":"https:\/\/www.lurga.pt\/fr\/wp-json\/wp\/v2\/pages"}],"about":[{"href":"https:\/\/www.lurga.pt\/fr\/wp-json\/wp\/v2\/types\/page"}],"author":[{"embeddable":true,"href":"https:\/\/www.lurga.pt\/fr\/wp-json\/wp\/v2\/users\/1"}],"replies":[{"embeddable":true,"href":"https:\/\/www.lurga.pt\/fr\/wp-json\/wp\/v2\/comments?post=161"}],"version-history":[{"count":34,"href":"https:\/\/www.lurga.pt\/fr\/wp-json\/wp\/v2\/pages\/161\/revisions"}],"predecessor-version":[{"id":1521,"href":"https:\/\/www.lurga.pt\/fr\/wp-json\/wp\/v2\/pages\/161\/revisions\/1521"}],"wp:attachment":[{"href":"https:\/\/www.lurga.pt\/fr\/wp-json\/wp\/v2\/media?parent=161"}],"curies":[{"name":"wp","href":"https:\/\/api.w.org\/{rel}","templated":true}]}}