{"id":234,"date":"2021-04-08T14:47:14","date_gmt":"2021-04-08T14:47:14","guid":{"rendered":"https:\/\/www.lurga.pt\/?page_id=234"},"modified":"2023-07-31T04:11:42","modified_gmt":"2023-07-31T04:11:42","slug":"tecnologia","status":"publish","type":"page","link":"https:\/\/www.lurga.pt\/fr\/tecnologia\/","title":{"rendered":"Technologie"},"content":{"rendered":"[et_pb_section fb_built=&#8221;1&#8243; module_class=&#8221;flexBox flexCenter bannerPag&#8221; _builder_version=&#8221;4.9.2&#8243; _module_preset=&#8221;default&#8221; background_image=&#8221;https:\/\/www.lurga.pt\/wp-content\/uploads\/2021\/04\/bg_pags2.jpg&#8221; height=&#8221;90vh&#8221; height_tablet=&#8221;&#8221; height_phone=&#8221;65vh&#8221; height_last_edited=&#8221;on|phone&#8221; max_height=&#8221;90vh&#8221; max_height_tablet=&#8221;&#8221; max_height_phone=&#8221;&#8221; max_height_last_edited=&#8221;on|phone&#8221; bottom_divider_style=&#8221;arrow&#8221; bottom_divider_color=&#8221;gcid-6433f551-dcff-413b-91ce-bb464db69653&#8243; global_colors_info=&#8221;{%22gcid-6433f551-dcff-413b-91ce-bb464db69653%22:%91%22bottom_divider_color%22%93}&#8221;][et_pb_row _builder_version=&#8221;4.9.2&#8243; _module_preset=&#8221;default&#8221; scroll_vertical_motion=&#8221;0|50|50|100|0.5|-1|-0.5&#8243;][et_pb_column type=&#8221;4_4&#8243; _builder_version=&#8221;4.9.2&#8243; _module_preset=&#8221;default&#8221;][et_pb_text _builder_version=&#8221;4.9.2&#8243; _module_preset=&#8221;default&#8221; header_4_font=&#8221;|||on|||||&#8221; header_4_text_align=&#8221;center&#8221; header_4_font_size=&#8221;21px&#8221; header_4_letter_spacing=&#8221;3px&#8221; custom_padding=&#8221;||6px|||&#8221;]\n<h4>Lurga<\/h4>\n[\/et_pb_text][et_pb_post_title meta=&#8221;off&#8221; featured_image=&#8221;off&#8221; _builder_version=&#8221;4.9.2&#8243; _module_preset=&#8221;default&#8221; title_font=&#8221;|800||on|||||&#8221; title_text_align=&#8221;center&#8221; title_font_size=&#8221;72px&#8221; title_font_size_tablet=&#8221;&#8221; title_font_size_phone=&#8221;10vw&#8221; title_font_size_last_edited=&#8221;on|phone&#8221;][\/et_pb_post_title][et_pb_text _builder_version=&#8221;4.9.2&#8243; _module_preset=&#8221;default&#8221; text_line_height=&#8221;1.4em&#8221; text_orientation=&#8221;center&#8221; width=&#8221;70%&#8221; width_tablet=&#8221;&#8221; width_phone=&#8221;100%&#8221; width_last_edited=&#8221;on|phone&#8221; module_alignment=&#8221;center&#8221;]\n<p class=\"p1\">Lurga utilise les mat\u00e9riaux les plus divers, afin de r\u00e9pondre aux besoins sp\u00e9cifiques du produit \u00e0 fabriquer, de mon\u00e9tiser la production, ainsi que d'optimiser les co\u00fbts d'investissement des poin\u00e7ons.<\/p>\n[\/et_pb_text][et_pb_image src=&#8221;https:\/\/www.lurga.pt\/wp-content\/uploads\/2021\/04\/arrow.gif&#8221; title_text=&#8221;arrow&#8221; align=&#8221;center&#8221; _builder_version=&#8221;4.9.2&#8243; _module_preset=&#8221;default&#8221; width=&#8221;4%&#8221; custom_padding=&#8221;5%||||false|false&#8221; filter_brightness=&#8221;200%&#8221; filter_invert=&#8221;100%&#8221; scroll_vertical_motion=&#8221;0|87|87|100|0|2|-2&#8243; scroll_fade=&#8221;0|0|0|100|100%|100%|0%&#8221;][\/et_pb_image][\/et_pb_column][\/et_pb_row][\/et_pb_section][et_pb_section fb_built=&#8221;1&#8243; _builder_version=&#8221;4.9.2&#8243; _module_preset=&#8221;default&#8221; background_color=&#8221;gcid-6433f551-dcff-413b-91ce-bb464db69653&#8243; custom_padding=&#8221;0px||0px||true|false&#8221; global_colors_info=&#8221;{%22gcid-6433f551-dcff-413b-91ce-bb464db69653%22:%91%22background_color%22%93}&#8221;][et_pb_row column_structure=&#8221;1_2,1_2&#8243; make_equal=&#8221;on&#8221; _builder_version=&#8221;4.9.2&#8243; _module_preset=&#8221;default&#8221; custom_padding=&#8221;||9px|||&#8221;][et_pb_column type=&#8221;1_2&#8243; _builder_version=&#8221;4.9.2&#8243; _module_preset=&#8221;default&#8221;][et_pb_image src=&#8221;https:\/\/www.lurga.pt\/wp-content\/uploads\/2023\/07\/IMAC_TECH-COM-MAOS.jpg&#8221; title_text=&#8221;IMAC_TECH-COM-MAOS&#8221; _builder_version=&#8221;4.9.2&#8243; _module_preset=&#8221;default&#8221; width=&#8221;90%&#8221; scroll_fade_enable=&#8221;on&#8221; hover_enabled=&#8221;0&#8243; sticky_enabled=&#8221;0&#8243;][\/et_pb_image][\/et_pb_column][et_pb_column type=&#8221;1_2&#8243; _builder_version=&#8221;4.9.2&#8243; _module_preset=&#8221;default&#8221; custom_css_main_element=&#8221;display:flex;||justify-content:center;||flex-direction:column;&#8221;][et_pb_text module_class=&#8221;textUnderline&#8221; _builder_version=&#8221;4.9.2&#8243; _module_preset=&#8221;default&#8221; text_line_height=&#8221;1.5em&#8221; header_2_font=&#8221;|800|||||||&#8221; header_2_font_size=&#8221;48px&#8221; custom_margin=&#8221;||6%||false|false&#8221; scroll_horizontal_motion_enable=&#8221;on&#8221; scroll_horizontal_motion=&#8221;0|50|50|100|1|0|0&#8243; locked=&#8221;off&#8221;]\n<h2><span class=\"u01\">ING\u00c9NIERIE DE DESSIN<\/span><\/h2>\n<p class=\"p1\"><span class=\"s1\">La conception permet:<\/span><\/p>\n[\/et_pb_text][et_pb_text module_class=&#8221;textUnderline&#8221; _builder_version=&#8221;4.9.2&#8243; _module_preset=&#8221;default&#8221; text_line_height=&#8221;1.5em&#8221; header_2_font=&#8221;|800|||||||&#8221; header_2_font_size=&#8221;48px&#8221; header_4_font=&#8221;|800|||||||&#8221; header_4_font_size=&#8221;36px&#8221; scroll_horizontal_motion_enable=&#8221;on&#8221; scroll_horizontal_motion=&#8221;0|50|50|100|1|0|0&#8243; locked=&#8221;off&#8221;]\n<h4 class=\"outlineFont\"><b class=\"u01\"> Assurer la qualit\u00e9 de la tablette <\/b><\/h4>\n[\/et_pb_text][et_pb_text module_class=&#8221;textUnderline&#8221; _builder_version=&#8221;4.9.2&#8243; _module_preset=&#8221;default&#8221; text_line_height=&#8221;1.5em&#8221; header_2_font=&#8221;|800|||||||&#8221; header_2_font_size=&#8221;48px&#8221; header_4_font=&#8221;|800|||||||&#8221; header_4_font_size=&#8221;36px&#8221; scroll_horizontal_motion_enable=&#8221;on&#8221; scroll_horizontal_motion=&#8221;0|50|50|100|1|0|0&#8243; locked=&#8221;off&#8221;]\n<h4><b>Maximisez la production de comprim\u00e9s <\/b><\/h4>\n[\/et_pb_text][et_pb_text module_class=&#8221;textUnderline&#8221; _builder_version=&#8221;4.9.2&#8243; _module_preset=&#8221;default&#8221; text_line_height=&#8221;1.5em&#8221; header_2_font=&#8221;|800|||||||&#8221; header_2_font_size=&#8221;48px&#8221; header_4_font=&#8221;|800|||||||&#8221; header_4_font_size=&#8221;36px&#8221; scroll_horizontal_motion_enable=&#8221;on&#8221; scroll_horizontal_motion=&#8221;0|50|50|100|1|0|0&#8243; locked=&#8221;off&#8221;]\n<h4 class=\"outlineFont\"><b class=\"u01\"> Augmenter la durabilit\u00e9 du produit <\/b><\/h4>\n[\/et_pb_text][\/et_pb_column][\/et_pb_row][\/et_pb_section][et_pb_section fb_built=&#8221;1&#8243; _builder_version=&#8221;4.9.2&#8243; _module_preset=&#8221;default&#8221; background_color=&#8221;gcid-6433f551-dcff-413b-91ce-bb464db69653&#8243; custom_padding=&#8221;12px|||||&#8221; global_colors_info=&#8221;{%22gcid-6433f551-dcff-413b-91ce-bb464db69653%22:%91%22background_color%22%93}&#8221;][et_pb_row _builder_version=&#8221;4.9.2&#8243; _module_preset=&#8221;default&#8221;][et_pb_column type=&#8221;4_4&#8243; _builder_version=&#8221;4.9.2&#8243; _module_preset=&#8221;default&#8221;][et_pb_text module_class=&#8221;textUnderline&#8221; _builder_version=&#8221;4.9.2&#8243; _module_preset=&#8221;default&#8221; text_line_height=&#8221;1.5em&#8221; header_2_font=&#8221;|800|||||||&#8221; header_2_text_align=&#8221;center&#8221; header_2_font_size=&#8221;48px&#8221; text_orientation=&#8221;center&#8221; custom_margin=&#8221;||||false|false&#8221; scroll_vertical_motion_enable=&#8221;on&#8221; scroll_vertical_motion=&#8221;0|50|50|100|-0.5|0|0&#8243; scroll_fade_enable=&#8221;on&#8221; locked=&#8221;off&#8221;]\n<h2 class=\"centerEl\"><span class=\"u01\">Aciers<\/span><\/h2>\n<p class=\"p1\"><span class=\"s1\"> Le choix de l'acier se fait en fonction: <\/span><\/p>\n[\/et_pb_text][\/et_pb_column][\/et_pb_row][et_pb_row column_structure=&#8221;1_4,1_4,1_4,1_4&#8243; use_custom_gutter=&#8221;on&#8221; gutter_width=&#8221;2&#8243; make_equal=&#8221;on&#8221; _builder_version=&#8221;4.9.2&#8243; _module_preset=&#8221;default&#8221;][et_pb_column type=&#8221;1_4&#8243; _builder_version=&#8221;4.9.2&#8243; _module_preset=&#8221;default&#8221; scroll_scaling_enable=&#8221;on&#8221; scroll_scaling=&#8221;0|50|50|100|20%|100%|100&#8243; scroll_blur_enable=&#8221;on&#8221;][et_pb_text _builder_version=&#8221;4.9.2&#8243; _module_preset=&#8221;default&#8221; header_4_font=&#8221;|800|||||||&#8221; header_4_text_align=&#8221;center&#8221; header_4_font_size=&#8221;21px&#8221; background_color=&#8221;#1e1e1e&#8221; height=&#8221;100%&#8221; custom_padding=&#8221;12%|20px|12%|20px|true|true&#8221; custom_css_main_element=&#8221;display:flex;||align-items:center;||justify-content:center;&#8221; border_radii=&#8221;on|20px|20px|20px|20px&#8221; box_shadow_style=&#8221;preset1&#8243; global_colors_info=&#8221;{%22gcid-6433f551-dcff-413b-91ce-bb464db69653%22:%91%93}&#8221;]\n<h4 class=\"p1\"><span class=\"s1\">Force de compression<\/span><\/h4>\n[\/et_pb_text][et_pb_text module_class=&#8221;outlineFont&#8221; _builder_version=&#8221;4.9.2&#8243; _module_preset=&#8221;default&#8221; text_font_size=&#8221;100px&#8221; positioning=&#8221;absolute&#8221; position_origin_a=&#8221;bottom_left&#8221; vertical_offset=&#8221;50%&#8221; horizontal_offset=&#8221;-5%&#8221; width=&#8221;100%&#8221; custom_margin=&#8221;||||false|false&#8221;]<b>1.<\/b>[\/et_pb_text][\/et_pb_column][et_pb_column type=&#8221;1_4&#8243; _builder_version=&#8221;4.9.2&#8243; _module_preset=&#8221;default&#8221; scroll_scaling_enable=&#8221;on&#8221; scroll_scaling=&#8221;0|50|50|100|30%|100|100&#8243; scroll_blur_enable=&#8221;on&#8221;][et_pb_text _builder_version=&#8221;4.9.2&#8243; _module_preset=&#8221;default&#8221; header_4_font=&#8221;|800|||||||&#8221; header_4_text_align=&#8221;center&#8221; header_4_font_size=&#8221;21px&#8221; background_color=&#8221;#1e1e1e&#8221; height=&#8221;100%&#8221; custom_padding=&#8221;12%|20px|12%|20px|true|true&#8221; custom_css_main_element=&#8221;display:flex;||align-items:center;||justify-content:center;&#8221; border_radii=&#8221;on|20px|20px|20px|20px&#8221; box_shadow_style=&#8221;preset1&#8243; global_colors_info=&#8221;{%22gcid-6433f551-dcff-413b-91ce-bb464db69653%22:%91%93}&#8221;]\n<h4 class=\"p1\"><span class=\"s1\"> Produit (API)<\/span><\/h4>\n[\/et_pb_text][et_pb_text admin_label=&#8221;Text&#8221; module_class=&#8221;outlineFont&#8221; _builder_version=&#8221;4.9.2&#8243; _module_preset=&#8221;default&#8221; text_font_size=&#8221;100px&#8221; positioning=&#8221;absolute&#8221; position_origin_a=&#8221;bottom_left&#8221; vertical_offset=&#8221;50%&#8221; horizontal_offset=&#8221;-5%&#8221; width=&#8221;100%&#8221; custom_margin=&#8221;||||false|false&#8221;]<b>2.<\/b>[\/et_pb_text][\/et_pb_column][et_pb_column type=&#8221;1_4&#8243; _builder_version=&#8221;4.9.2&#8243; _module_preset=&#8221;default&#8221; scroll_scaling_enable=&#8221;on&#8221; scroll_scaling=&#8221;0|50|50|100|40%|100|100&#8243; scroll_blur_enable=&#8221;on&#8221;][et_pb_text admin_label=&#8221;Text&#8221; _builder_version=&#8221;4.9.2&#8243; _module_preset=&#8221;default&#8221; header_4_font=&#8221;|800|||||||&#8221; header_4_text_align=&#8221;center&#8221; header_4_font_size=&#8221;21px&#8221; background_color=&#8221;#1e1e1e&#8221; height=&#8221;100%&#8221; custom_padding=&#8221;12%|20px|12%|20px|true|true&#8221; custom_css_main_element=&#8221;display:flex;||align-items:center;||justify-content:center;&#8221; border_radii=&#8221;on|20px|20px|20px|20px&#8221; box_shadow_style=&#8221;preset1&#8243; global_colors_info=&#8221;{%22gcid-6433f551-dcff-413b-91ce-bb464db69653%22:%91%93}&#8221;]\n<h4 class=\"p1\"><span class=\"s1\"> Volume de production <\/span><\/h4>\n[\/et_pb_text][et_pb_text admin_label=&#8221;Text&#8221; module_class=&#8221;outlineFont&#8221; _builder_version=&#8221;4.9.2&#8243; _module_preset=&#8221;default&#8221; text_font_size=&#8221;100px&#8221; positioning=&#8221;absolute&#8221; position_origin_a=&#8221;bottom_left&#8221; vertical_offset=&#8221;50%&#8221; horizontal_offset=&#8221;-5%&#8221; width=&#8221;100%&#8221; custom_margin=&#8221;||||false|false&#8221;]<b>3.<\/b>[\/et_pb_text][\/et_pb_column][et_pb_column type=&#8221;1_4&#8243; _builder_version=&#8221;4.9.2&#8243; _module_preset=&#8221;default&#8221; scroll_scaling_enable=&#8221;on&#8221; scroll_scaling=&#8221;0|50|50|100|50%|100|100&#8243; scroll_blur_enable=&#8221;on&#8221;][et_pb_text _builder_version=&#8221;4.9.2&#8243; _module_preset=&#8221;default&#8221; header_4_font=&#8221;|800|||||||&#8221; header_4_text_align=&#8221;center&#8221; header_4_font_size=&#8221;21px&#8221; background_color=&#8221;#1e1e1e&#8221; height=&#8221;100%&#8221; custom_padding=&#8221;12%|20px|12%|20px|true|true&#8221; custom_css_main_element=&#8221;display:flex;||align-items:center;||justify-content:center;&#8221; border_radii=&#8221;on|20px|20px|20px|20px&#8221; box_shadow_style=&#8221;preset1&#8243; global_colors_info=&#8221;{%22gcid-6433f551-dcff-413b-91ce-bb464db69653%22:%91%93}&#8221;]\n<h4 class=\"p1\"><span class=\"s1\"> Format de la tablette <\/span><\/h4>\n[\/et_pb_text][et_pb_text admin_label=&#8221;Text&#8221; module_class=&#8221;outlineFont&#8221; _builder_version=&#8221;4.9.2&#8243; _module_preset=&#8221;default&#8221; text_font_size=&#8221;100px&#8221; positioning=&#8221;absolute&#8221; position_origin_a=&#8221;bottom_left&#8221; vertical_offset=&#8221;50%&#8221; horizontal_offset=&#8221;-5%&#8221; width=&#8221;100%&#8221; custom_margin=&#8221;||||false|false&#8221;]<b>4.<\/b>[\/et_pb_text][\/et_pb_column][\/et_pb_row][et_pb_row column_structure=&#8221;1_2,1_2&#8243; use_custom_gutter=&#8221;on&#8221; gutter_width=&#8221;3&#8243; _builder_version=&#8221;4.9.2&#8243; _module_preset=&#8221;default&#8221; scroll_fade_enable=&#8221;on&#8221;][et_pb_column type=&#8221;1_2&#8243; _builder_version=&#8221;4.9.2&#8243; _module_preset=&#8221;default&#8221;][et_pb_text _builder_version=&#8221;4.9.2&#8243; _module_preset=&#8221;default&#8221; text_line_height=&#8221;1.5em&#8221;]Diferentes tipos de a\u00e7o respondem a diferentes tipos de problemas, cada a\u00e7o tem o seu objectivo.<br \/>\n<strong><span style=\"color: #D94B44;\">Standard<\/span> compression de qualit\u00e9 standard sans exigences particuli\u00e8res, acier de qualit\u00e9 sup\u00e9rieure \u00e0 haute durabilit\u00e9.<br \/>\n<strong><span style=\"color: #D94B44;\">L20<\/span> acier r\u00e9silient, tr\u00e8s r\u00e9sistant \u00e0 l'usure et \u00e0 la force de compression.<\/strong><br \/>\n<strong><span style=\"color: #D94B44;\">L100<\/span> Acier m\u00e9tallurgique \u00e0 p\u00e2te, \u00e0 tr\u00e8s haute r\u00e9sistance \u00e0 l'usure et \u00e0 la compression.<\/strong>[\/et_pb_text][\/et_pb_column][et_pb_column type=&#8221;1_2&#8243; _builder_version=&#8221;4.9.2&#8243; _module_preset=&#8221;default&#8221;][et_pb_text _builder_version=&#8221;4.9.2&#8243; _module_preset=&#8221;default&#8221; header_4_font_size=&#8221;48px&#8221; custom_padding_tablet=&#8221;&#8221; custom_padding_phone=&#8221;5vh||||false|false&#8221; custom_padding_last_edited=&#8221;on|phone&#8221;]\n<h4 class=\"p1 outlineFont translation-block\"><b class=\"s1\">GAMA<\/b><br><span class=\"s2\"><strong>INOX<\/strong><\/span><\/h4>\n<p class=\"p1\"><strong><span class=\"s1\"><span style=\"color: #d94b44;\">L51<\/span> - acier inoxydable \u00e0 haute r\u00e9sistance \u00e0 la corrosion.<\/span><\/strong><\/p>\n<p class=\"p1\"><strong><span class=\"s1\"><span style=\"color: #d94b44;\">L56<\/span> - acier inoxydable r\u00e9silient qui combine les caract\u00e9ristiques de r\u00e9sistance \u00e0 la corrosion avec la r\u00e9sistance \u00e0 l'usure et \u00e0 la force de compression.<\/span><\/strong><\/p>\n[\/et_pb_text][et_pb_button button_text=&#8221;Tabela de A\u00e7os&#8221; module_class=&#8221;tabelaAco&#8221; _builder_version=&#8221;4.9.2&#8243; _module_preset=&#8221;default&#8221; custom_button=&#8221;on&#8221; button_text_color=&#8221;#FFFFFF&#8221; button_bg_color=&#8221;gcid-fda113fc-5828-4bdf-bc46-9c530846ec91&#8243; button_icon=&#8221;%%130%%&#8221; global_colors_info=&#8221;{%22gcid-fda113fc-5828-4bdf-bc46-9c530846ec91%22:%91%22button_bg_color%22%93}&#8221;][\/et_pb_button][\/et_pb_column][\/et_pb_row][et_pb_row column_structure=&#8221;1_2,1_2&#8243; make_equal=&#8221;on&#8221; _builder_version=&#8221;4.9.2&#8243; _module_preset=&#8221;default&#8221; custom_padding=&#8221;70px|||||&#8221;][et_pb_column type=&#8221;1_2&#8243; _builder_version=&#8221;4.9.2&#8243; _module_preset=&#8221;default&#8221; custom_css_main_element=&#8221;display:flex;||flex-direction:column;||justify-content:center;&#8221;][et_pb_text module_class=&#8221;textUnderline&#8221; _builder_version=&#8221;4.9.2&#8243; _module_preset=&#8221;default&#8221; text_line_height=&#8221;1.5em&#8221; header_2_font=&#8221;|800|||||||&#8221; header_2_text_align=&#8221;center&#8221; header_2_font_size=&#8221;48px&#8221; custom_margin=&#8221;||||false|false&#8221; custom_padding=&#8221;||25px||false|false&#8221; scroll_horizontal_motion_enable=&#8221;on&#8221; scroll_horizontal_motion=&#8221;0|50|50|100|-2|0|0&#8243; scroll_fade_enable=&#8221;on&#8221; header_2_font_size_tablet=&#8221;&#8221; header_2_font_size_phone=&#8221;32px&#8221; header_2_font_size_last_edited=&#8221;on|phone&#8221; locked=&#8221;off&#8221;]\n<h2><span class=\"u01\">Rev\u00eatements<\/span><\/h2>\n<p class=\"p1\"><span class=\"s1\"> Lurga a d\u00e9velopp\u00e9, en collaboration avec des universit\u00e9s et des partenaires technologiques, une gamme de rev\u00eatements pour r\u00e9pondre aux besoins de ses clients. C'est un travail continu de recherche appliqu\u00e9e que Lurga d\u00e9veloppe. Nous mettons en valeur certains de nos rev\u00eatements:<\/span><\/p>\n[\/et_pb_text][et_pb_button button_text=&#8221;Tabela de Revestimentos&#8221; module_class=&#8221;tabelaRevestimento&#8221; _builder_version=&#8221;4.9.2&#8243; _module_preset=&#8221;default&#8221; custom_button=&#8221;on&#8221; button_text_color=&#8221;#FFFFFF&#8221; button_bg_color=&#8221;gcid-fda113fc-5828-4bdf-bc46-9c530846ec91&#8243; button_icon=&#8221;%%130%%&#8221; scroll_fade_enable=&#8221;on&#8221; global_colors_info=&#8221;{%22gcid-fda113fc-5828-4bdf-bc46-9c530846ec91%22:%91%22button_bg_color%22%93}&#8221;][\/et_pb_button][\/et_pb_column][et_pb_column type=&#8221;1_2&#8243; _builder_version=&#8221;4.9.2&#8243; _module_preset=&#8221;default&#8221;][et_pb_image src=&#8221;https:\/\/www.lurga.pt\/wp-content\/uploads\/2023\/07\/REVESTIMENTOS_1.jpg&#8221; title_text=&#8221;REVESTIMENTOS_1&#8243; disabled_on=&#8221;on|off|off&#8221; _builder_version=&#8221;4.9.2&#8243; _module_preset=&#8221;default&#8221; position_origin_a=&#8221;top_right&#8221; vertical_offset=&#8221;-20%&#8221; horizontal_offset=&#8221;-68%&#8221; width=&#8221;65%&#8221; max_width=&#8221;100%&#8221; scroll_horizontal_motion_enable=&#8221;on&#8221; scroll_horizontal_motion=&#8221;0|50|50|100|2|0|-0.5&#8243; scroll_fade_enable=&#8221;on&#8221;][\/et_pb_image][\/et_pb_column][\/et_pb_row][et_pb_row column_structure=&#8221;1_2,1_2&#8243; _builder_version=&#8221;4.9.2&#8243; _module_preset=&#8221;default&#8221; custom_padding=&#8221;10vh||||false|false&#8221; scroll_fade_enable=&#8221;on&#8221;][et_pb_column type=&#8221;1_2&#8243; _builder_version=&#8221;4.9.2&#8243; _module_preset=&#8221;default&#8221;][et_pb_image src=&#8221;https:\/\/www.lurga.pt\/wp-content\/uploads\/2023\/07\/TRATAMENTO_1.jpg&#8221; title_text=&#8221;TRATAMENTO_1&#8243; _builder_version=&#8221;4.9.2&#8243; _module_preset=&#8221;default&#8221; width=&#8221;64%&#8221; scroll_vertical_motion_enable=&#8221;on&#8221; scroll_vertical_motion=&#8221;0|50|50|100|1|0|-1&#8243;][\/et_pb_image][\/et_pb_column][et_pb_column type=&#8221;1_2&#8243; _builder_version=&#8221;4.9.2&#8243; _module_preset=&#8221;default&#8221;][et_pb_text module_class=&#8221;textUnderline&#8221; _builder_version=&#8221;4.9.2&#8243; _module_preset=&#8221;default&#8221; text_line_height=&#8221;1.5em&#8221; header_2_font=&#8221;|800|||||||&#8221; header_2_text_align=&#8221;center&#8221; header_2_font_size=&#8221;48px&#8221; custom_margin=&#8221;||||false|false&#8221; custom_padding=&#8221;||25px||false|false&#8221; locked=&#8221;off&#8221;]\n<h2><span class=\"u01\"> TRAITEMENT THERMIQUE<\/span><\/h2>\n[\/et_pb_text][et_pb_text module_class=&#8221;textHighlight&#8221; _builder_version=&#8221;4.9.2&#8243; _module_preset=&#8221;default&#8221; text_line_height=&#8221;1.5em&#8221;]\u2022 A Lurga usa a mais <strong>technologie de traitement<\/strong> de tratamento t\u00e9rmico<br \/>\n\u2022 Obtemos as <strong>melhores propriedades<\/strong> para os nossos a\u00e7os<br \/>\n\u2022 O a\u00e7o requer frequentemente <strong>tratamento t\u00e9rmico<\/strong> para melhorar as suas propriedades, nomeadamente:<br \/>\n<span style=\"color: #D94B44;\">augmenter la duret\u00e9<\/span><br \/>\n<span style=\"color: #D94B44;\">augmenter la r\u00e9sistance \u00e0 la force de compression<\/span><br \/>\n<span style=\"color: #D94B44;\">augmenter la r\u00e9sistance \u00e0 la corrosion.<\/span><br \/>\nou <strong>neutralizar os efeitos negativo<\/strong>s resultantes de processo de fabrico anteriores, por exemplo: remover as tens\u00f5es internas geradas por processos de fabrica\u00e7\u00e3o.<br \/>\n\u2022 Um <strong>desempenho \u00f3timo<\/strong> depende da qualidade do tratamento t\u00e9rmico.<br \/>\n\u2022 O m\u00e9todo de tratamento deve ser <strong>adequado<\/strong> para cada aplica\u00e7\u00e3o.<br \/>\n\u2022 <strong>Melhoramos as caracter\u00edsticas do a\u00e7o<\/strong>, atrav\u00e9s do adequado tratamento t\u00e9rmico, em fun\u00e7\u00e3o do produto a comprimir.[\/et_pb_text][\/et_pb_column][\/et_pb_row][et_pb_row _builder_version=&#8221;4.9.2&#8243; _module_preset=&#8221;default&#8221; scroll_fade_enable=&#8221;on&#8221; scroll_blur_enable=&#8221;on&#8221; border_width_top=&#8221;1px&#8221; border_width_bottom=&#8221;1px&#8221;][et_pb_column type=&#8221;4_4&#8243; _builder_version=&#8221;4.9.2&#8243; _module_preset=&#8221;default&#8221;][et_pb_text module_class=&#8221;textUnderline&#8221; _builder_version=&#8221;4.9.2&#8243; _module_preset=&#8221;default&#8221; text_line_height=&#8221;1.5em&#8221; header_2_font=&#8221;|800|||||||&#8221; header_2_text_align=&#8221;center&#8221; header_2_font_size=&#8221;48px&#8221; text_orientation=&#8221;center&#8221; width=&#8221;69%&#8221; width_tablet=&#8221;&#8221; width_phone=&#8221;100%&#8221; width_last_edited=&#8221;on|phone&#8221; module_alignment=&#8221;center&#8221; custom_margin=&#8221;||||false|false&#8221; header_2_font_size_tablet=&#8221;&#8221; header_2_font_size_phone=&#8221;32px&#8221; header_2_font_size_last_edited=&#8221;on|phone&#8221; locked=&#8221;off&#8221;]\n<h2 class=\"centerEl\"><span class=\"u01\">PROCESSUS PRODUCTIF ET KNOW HOW<\/span><\/h2>\n<p class=\"p1\"><span class=\"s1\"> Le processus de production des outils de compression est unique et permet le choix des meilleurs aciers pour la fabrication de poin\u00e7ons, sans jamais oublier la durabilit\u00e9 environnementale et la mise en \u0153uvre de l'industrie 4.0 ainsi que l'automatisation de notre processus de production.<br \/><span style=\"color: #d94b44;\">L'accumulation de connaissances, de technologies et de partenariats avec ses clients, universit\u00e9s et fournisseurs permet \u00e0 Lurga d'offrir des solutions actuelles et innovantes \u00e0 ses clients.<\/span><br \/><\/span><\/p>\n[\/et_pb_text][\/et_pb_column][\/et_pb_row][\/et_pb_section]","protected":false},"excerpt":{"rendered":"<p>[et_pb_section fb_built=&#8221;1&#8243; module_class=&#8221;flexBox flexCenter bannerPag&#8221; _builder_version=&#8221;4.9.2&#8243; _module_preset=&#8221;default&#8221; background_image=&#8221;https:\/\/www.lurga.pt\/wp-content\/uploads\/2021\/04\/bg_pags2.jpg&#8221; height=&#8221;90vh&#8221; height_tablet=&#8221;&#8221; height_phone=&#8221;65vh&#8221; height_last_edited=&#8221;on|phone&#8221; max_height=&#8221;90vh&#8221; max_height_tablet=&#8221;&#8221; max_height_phone=&#8221;&#8221; max_height_last_edited=&#8221;on|phone&#8221; bottom_divider_style=&#8221;arrow&#8221; bottom_divider_color=&#8221;gcid-6433f551-dcff-413b-91ce-bb464db69653&#8243; global_colors_info=&#8221;{%22gcid-6433f551-dcff-413b-91ce-bb464db69653%22:%91%22bottom_divider_color%22%93}&#8221;][et_pb_row _builder_version=&#8221;4.9.2&#8243; _module_preset=&#8221;default&#8221; scroll_vertical_motion=&#8221;0|50|50|100|0.5|-1|-0.5&#8243;][et_pb_column type=&#8221;4_4&#8243; _builder_version=&#8221;4.9.2&#8243; _module_preset=&#8221;default&#8221;][et_pb_text _builder_version=&#8221;4.9.2&#8243; _module_preset=&#8221;default&#8221; header_4_font=&#8221;|||on|||||&#8221; header_4_text_align=&#8221;center&#8221; header_4_font_size=&#8221;21px&#8221; header_4_letter_spacing=&#8221;3px&#8221; custom_padding=&#8221;||6px|||&#8221;] Lurga [\/et_pb_text][et_pb_post_title meta=&#8221;off&#8221; featured_image=&#8221;off&#8221; _builder_version=&#8221;4.9.2&#8243; _module_preset=&#8221;default&#8221; title_font=&#8221;|800||on|||||&#8221; title_text_align=&#8221;center&#8221; title_font_size=&#8221;72px&#8221; title_font_size_tablet=&#8221;&#8221; title_font_size_phone=&#8221;10vw&#8221; title_font_size_last_edited=&#8221;on|phone&#8221;][\/et_pb_post_title][et_pb_text _builder_version=&#8221;4.9.2&#8243; _module_preset=&#8221;default&#8221; text_line_height=&#8221;1.4em&#8221; text_orientation=&#8221;center&#8221; width=&#8221;70%&#8221; width_tablet=&#8221;&#8221; width_phone=&#8221;100%&#8221; width_last_edited=&#8221;on|phone&#8221; module_alignment=&#8221;center&#8221;] A Lurga [&hellip;]<\/p>","protected":false},"author":1,"featured_media":0,"parent":0,"menu_order":0,"comment_status":"closed","ping_status":"closed","template":"","meta":{"_et_pb_use_builder":"on","_et_pb_old_content":"","_et_gb_content_width":"","inline_featured_image":false,"_monsterinsights_skip_tracking":false,"_monsterinsights_sitenote_active":false,"_monsterinsights_sitenote_note":"","_monsterinsights_sitenote_category":0,"_uf_show_specific_survey":0,"_uf_disable_surveys":false,"footnotes":""},"class_list":["post-234","page","type-page","status-publish","hentry"],"_links":{"self":[{"href":"https:\/\/www.lurga.pt\/fr\/wp-json\/wp\/v2\/pages\/234","targetHints":{"allow":["GET"]}}],"collection":[{"href":"https:\/\/www.lurga.pt\/fr\/wp-json\/wp\/v2\/pages"}],"about":[{"href":"https:\/\/www.lurga.pt\/fr\/wp-json\/wp\/v2\/types\/page"}],"author":[{"embeddable":true,"href":"https:\/\/www.lurga.pt\/fr\/wp-json\/wp\/v2\/users\/1"}],"replies":[{"embeddable":true,"href":"https:\/\/www.lurga.pt\/fr\/wp-json\/wp\/v2\/comments?post=234"}],"version-history":[{"count":22,"href":"https:\/\/www.lurga.pt\/fr\/wp-json\/wp\/v2\/pages\/234\/revisions"}],"predecessor-version":[{"id":1141,"href":"https:\/\/www.lurga.pt\/fr\/wp-json\/wp\/v2\/pages\/234\/revisions\/1141"}],"wp:attachment":[{"href":"https:\/\/www.lurga.pt\/fr\/wp-json\/wp\/v2\/media?parent=234"}],"curies":[{"name":"wp","href":"https:\/\/api.w.org\/{rel}","templated":true}]}}