{"id":256,"date":"2021-04-09T08:49:22","date_gmt":"2021-04-09T08:49:22","guid":{"rendered":"https:\/\/www.lurga.pt\/?page_id=256"},"modified":"2023-09-11T22:51:31","modified_gmt":"2023-09-11T22:51:31","slug":"produtos","status":"publish","type":"page","link":"https:\/\/www.lurga.pt\/fr\/produtos\/","title":{"rendered":"Produits"},"content":{"rendered":"[et_pb_section fb_built=&#8221;1&#8243; module_class=&#8221;flexBox flexCenter bannerPag&#8221; _builder_version=&#8221;4.9.2&#8243; _module_preset=&#8221;default&#8221; background_image=&#8221;https:\/\/www.lurga.pt\/wp-content\/uploads\/2021\/04\/bg_pags2.jpg&#8221; height=&#8221;90vh&#8221; height_tablet=&#8221;&#8221; height_phone=&#8221;65vh&#8221; height_last_edited=&#8221;on|desktop&#8221; max_height=&#8221;90vh&#8221; max_height_tablet=&#8221;&#8221; max_height_phone=&#8221;65vh&#8221; max_height_last_edited=&#8221;on|phone&#8221; bottom_divider_style=&#8221;arrow&#8221; bottom_divider_color=&#8221;gcid-6433f551-dcff-413b-91ce-bb464db69653&#8243; global_colors_info=&#8221;{%22gcid-6433f551-dcff-413b-91ce-bb464db69653%22:%91%22bottom_divider_color%22%93}&#8221;][et_pb_row _builder_version=&#8221;4.9.2&#8243; _module_preset=&#8221;default&#8221; scroll_vertical_motion=&#8221;0|50|50|100|0.5|-1|-0.5&#8243;][et_pb_column type=&#8221;4_4&#8243; _builder_version=&#8221;4.9.2&#8243; _module_preset=&#8221;default&#8221;][et_pb_text _builder_version=&#8221;4.9.2&#8243; _module_preset=&#8221;default&#8221; header_4_font=&#8221;|||on|||||&#8221; header_4_text_align=&#8221;center&#8221; header_4_font_size=&#8221;21px&#8221; header_4_letter_spacing=&#8221;3px&#8221; custom_padding=&#8221;||6px|||&#8221; header_4_font_size_tablet=&#8221;&#8221; header_4_font_size_phone=&#8221;16px&#8221; header_4_font_size_last_edited=&#8221;on|phone&#8221;]\n<h4>Lurga<\/h4>\n[\/et_pb_text][et_pb_post_title meta=&#8221;off&#8221; featured_image=&#8221;off&#8221; _builder_version=&#8221;4.9.2&#8243; _module_preset=&#8221;default&#8221; title_font=&#8221;|800||on|||||&#8221; title_text_align=&#8221;center&#8221; title_font_size=&#8221;5vw&#8221; title_font_size_tablet=&#8221;&#8221; title_font_size_phone=&#8221;12vw&#8221; title_font_size_last_edited=&#8221;on|phone&#8221;][\/et_pb_post_title][et_pb_text _builder_version=&#8221;4.9.2&#8243; _module_preset=&#8221;default&#8221; text_line_height=&#8221;1.4em&#8221; text_orientation=&#8221;center&#8221; width=&#8221;70%&#8221; width_tablet=&#8221;&#8221; width_phone=&#8221;100%&#8221; width_last_edited=&#8221;on|phone&#8221; module_alignment=&#8221;center&#8221;]\n<p class=\"p1 ui01 translation-block\">Nous produisons des outils de haute pr\u00e9cision bas\u00e9s sur des sp\u00e9cifications strictes quant \u00e0 son \u00e9tat m\u00e9tallurgique<\/p>\n[\/et_pb_text][et_pb_image src=&#8221;https:\/\/www.lurga.pt\/wp-content\/uploads\/2021\/04\/arrow.gif&#8221; title_text=&#8221;arrow&#8221; align=&#8221;center&#8221; _builder_version=&#8221;4.9.2&#8243; _module_preset=&#8221;default&#8221; width=&#8221;4%&#8221; custom_padding=&#8221;5%||||false|false&#8221; filter_brightness=&#8221;200%&#8221; filter_invert=&#8221;100%&#8221; scroll_vertical_motion=&#8221;0|87|87|100|0|2|-2&#8243; scroll_fade=&#8221;0|0|0|100|100%|100%|0%&#8221;][\/et_pb_image][\/et_pb_column][\/et_pb_row][\/et_pb_section][et_pb_section fb_built=&#8221;1&#8243; _builder_version=&#8221;4.9.2&#8243; _module_preset=&#8221;default&#8221; background_color=&#8221;gcid-6433f551-dcff-413b-91ce-bb464db69653&#8243; global_colors_info=&#8221;{%22gcid-6433f551-dcff-413b-91ce-bb464db69653%22:%91%22background_color%22%93}&#8221;][et_pb_row column_structure=&#8221;1_3,1_3,1_3&#8243; use_custom_gutter=&#8221;on&#8221; gutter_width=&#8221;2&#8243; make_equal=&#8221;on&#8221; module_class=&#8221;productsGrid&#8221; _builder_version=&#8221;4.9.2&#8243; _module_preset=&#8221;default&#8221; hover_enabled=&#8221;0&#8243; sticky_enabled=&#8221;0&#8243;][et_pb_column type=&#8221;1_3&#8243; _builder_version=&#8221;4.9.2&#8243; _module_preset=&#8221;default&#8221;][et_pb_blurb title=&#8221;PUN\u00c7\u00d5ES&#8221; image=&#8221;https:\/\/www.lurga.pt\/wp-content\/uploads\/2023\/08\/PUNCOES-JUNTOS-SITE_LEVE.jpg&#8221; image_max_width=&#8221;50%&#8221; _builder_version=&#8221;4.9.2&#8243; _dynamic_attributes=&#8221;link_option_url&#8221; _module_preset=&#8221;default&#8221; animation=&#8221;off&#8221; hover_transition_duration=&#8221;0ms&#8221; link_option_url=&#8221;@ET-DC@eyJkeW5hbWljIjp0cnVlLCJjb250ZW50IjoicG9zdF9saW5rX3VybF9wYWdlIiwic2V0dGluZ3MiOnsicG9zdF9pZCI6IjMyMSJ9fQ==@&#8221; hover_enabled=&#8221;0&#8243; sticky_enabled=&#8221;0&#8243; title_text=&#8221;PUNCOES-JUNTOS-SITE_LEVE&#8221;]\n<p><a href=\"#\" class=\"cta\">Savoir plus<\/a><\/p>\n[\/et_pb_blurb][\/et_pb_column][et_pb_column type=&#8221;1_3&#8243; _builder_version=&#8221;4.9.2&#8243; _module_preset=&#8221;default&#8221;][et_pb_blurb title=&#8221;MULTI-PONTAS&#8221; image=&#8221;https:\/\/www.lurga.pt\/wp-content\/uploads\/2023\/07\/MULTIPONTAS-PARA-CATALOGO_JUNTAS-scaled.jpg&#8221; image_max_width=&#8221;50%&#8221; _builder_version=&#8221;4.9.2&#8243; _dynamic_attributes=&#8221;link_option_url&#8221; _module_preset=&#8221;default&#8221; animation=&#8221;off&#8221; hover_transition_duration=&#8221;0ms&#8221; link_option_url=&#8221;@ET-DC@eyJkeW5hbWljIjp0cnVlLCJjb250ZW50IjoicG9zdF9saW5rX3VybF9wYWdlIiwic2V0dGluZ3MiOnsicG9zdF9pZCI6IjI5NSJ9fQ==@&#8221; hover_enabled=&#8221;0&#8243; global_colors_info=&#8221;{}&#8221; sticky_enabled=&#8221;0&#8243; title_text=&#8221;MULTIPONTAS-PARA-CATALOGO_JUNTAS&#8221;]\n<p><a href=\"#\" class=\"cta\">Savoir plus<\/a><\/p>\n[\/et_pb_blurb][\/et_pb_column][et_pb_column type=&#8221;1_3&#8243; _builder_version=&#8221;4.9.2&#8243; _module_preset=&#8221;default&#8221;][et_pb_blurb title=&#8221;NUTRAC\u00caUTICA&#8221; image=&#8221;https:\/\/www.lurga.pt\/wp-content\/uploads\/2023\/07\/NUTRACEUTICA_JUNTOS-scaled.jpg&#8221; image_max_width=&#8221;50%&#8221; _builder_version=&#8221;4.9.2&#8243; _dynamic_attributes=&#8221;link_option_url&#8221; _module_preset=&#8221;default&#8221; animation=&#8221;off&#8221; hover_transition_duration=&#8221;0ms&#8221; link_option_url=&#8221;@ET-DC@eyJkeW5hbWljIjp0cnVlLCJjb250ZW50IjoicG9zdF9saW5rX3VybF9wYWdlIiwic2V0dGluZ3MiOnsicG9zdF9pZCI6IjMyMyJ9fQ==@&#8221; hover_enabled=&#8221;0&#8243; global_colors_info=&#8221;{}&#8221; title_text=&#8221;NUTRACEUTICA_JUNTOS&#8221; sticky_enabled=&#8221;0&#8243;]\n<p><a href=\"#\" class=\"cta\">Savoir plus<\/a><\/p>\n[\/et_pb_blurb][\/et_pb_column][\/et_pb_row][et_pb_row column_structure=&#8221;1_3,1_3,1_3&#8243; use_custom_gutter=&#8221;on&#8221; gutter_width=&#8221;2&#8243; make_equal=&#8221;on&#8221; module_class=&#8221;productsGrid&#8221; _builder_version=&#8221;4.9.2&#8243; _module_preset=&#8221;default&#8221;][et_pb_column type=&#8221;1_3&#8243; _builder_version=&#8221;4.9.2&#8243; _module_preset=&#8221;default&#8221;][et_pb_blurb title=&#8221;SEGMENTOS&#8221; image=&#8221;https:\/\/www.lurga.pt\/wp-content\/uploads\/2023\/08\/SEGMENTOS-PARA-SITE-TOTAL_LEVE.jpg&#8221; image_max_width=&#8221;50%&#8221; _builder_version=&#8221;4.9.2&#8243; _dynamic_attributes=&#8221;link_option_url&#8221; _module_preset=&#8221;default&#8221; animation=&#8221;off&#8221; hover_transition_duration=&#8221;0ms&#8221; link_option_url=&#8221;@ET-DC@eyJkeW5hbWljIjp0cnVlLCJjb250ZW50IjoicG9zdF9saW5rX3VybF9wYWdlIiwic2V0dGluZ3MiOnsicG9zdF9pZCI6IjMyNCJ9fQ==@&#8221; hover_enabled=&#8221;0&#8243; global_colors_info=&#8221;{}&#8221; title_text=&#8221;SEGMENTOS-PARA-SITE-TOTAL_LEVE&#8221; sticky_enabled=&#8221;0&#8243;]\n<p><a href=\"#\" class=\"cta\">Savoir plus<\/a><\/p>\n[\/et_pb_blurb][\/et_pb_column][et_pb_column type=&#8221;1_3&#8243; _builder_version=&#8221;4.9.2&#8243; _module_preset=&#8221;default&#8221;][et_pb_blurb title=&#8221;QU\u00cdMICA&#8221; image=&#8221;https:\/\/www.lurga.pt\/wp-content\/uploads\/2023\/08\/QUIMICA-JUNTOS_SIte_LEVE.jpg&#8221; image_max_width=&#8221;50%&#8221; _builder_version=&#8221;4.9.2&#8243; _dynamic_attributes=&#8221;link_option_url&#8221; _module_preset=&#8221;default&#8221; animation=&#8221;off&#8221; hover_transition_duration=&#8221;0ms&#8221; link_option_url=&#8221;@ET-DC@eyJkeW5hbWljIjp0cnVlLCJjb250ZW50IjoicG9zdF9saW5rX3VybF9wYWdlIiwic2V0dGluZ3MiOnsicG9zdF9pZCI6IjMyNSJ9fQ==@&#8221; hover_enabled=&#8221;0&#8243; global_colors_info=&#8221;{}&#8221; title_text=&#8221;QUIMICA-JUNTOS_SIte_LEVE&#8221; sticky_enabled=&#8221;0&#8243;]\n<p><a href=\"#\" class=\"cta\">Savoir plus<\/a><\/p>\n[\/et_pb_blurb][\/et_pb_column][et_pb_column type=&#8221;1_3&#8243; _builder_version=&#8221;4.9.2&#8243; _module_preset=&#8221;default&#8221;][et_pb_blurb title=&#8221;IMA COMPRIMA&#8221; image=&#8221;https:\/\/www.lurga.pt\/wp-content\/uploads\/2023\/08\/IMA_JUNTOS_01_SITE-LEVE-1.jpg&#8221; image_max_width=&#8221;50%&#8221; _builder_version=&#8221;4.9.2&#8243; _dynamic_attributes=&#8221;link_option_url&#8221; _module_preset=&#8221;default&#8221; animation=&#8221;off&#8221; hover_transition_duration=&#8221;0ms&#8221; link_option_url=&#8221;@ET-DC@eyJkeW5hbWljIjp0cnVlLCJjb250ZW50IjoicG9zdF9saW5rX3VybF9wYWdlIiwic2V0dGluZ3MiOnsicG9zdF9pZCI6IjMyNiJ9fQ==@&#8221; hover_enabled=&#8221;0&#8243; global_colors_info=&#8221;{}&#8221; title_text=&#8221;IMA_JUNTOS_01_SITE-LEVE&#8221; sticky_enabled=&#8221;0&#8243;]\n<p><a href=\"#\" class=\"cta\">Savoir plus<\/a><\/p>\n[\/et_pb_blurb][\/et_pb_column][\/et_pb_row][et_pb_row column_structure=&#8221;1_3,1_3,1_3&#8243; use_custom_gutter=&#8221;on&#8221; gutter_width=&#8221;2&#8243; make_equal=&#8221;on&#8221; module_class=&#8221;productsGrid&#8221; _builder_version=&#8221;4.9.2&#8243; _module_preset=&#8221;default&#8221;][et_pb_column type=&#8221;1_3&#8243; _builder_version=&#8221;4.9.2&#8243; _module_preset=&#8221;default&#8221;][et_pb_blurb title=&#8221;MPL 460&#8243; image=&#8221;https:\/\/www.lurga.pt\/wp-content\/uploads\/2021\/04\/lrg_0005_MPL.png&#8221; image_max_width=&#8221;50%&#8221; _builder_version=&#8221;4.9.2&#8243; _dynamic_attributes=&#8221;link_option_url&#8221; _module_preset=&#8221;default&#8221; animation=&#8221;off&#8221; hover_transition_duration=&#8221;0ms&#8221; link_option_url=&#8221;@ET-DC@eyJkeW5hbWljIjp0cnVlLCJjb250ZW50IjoicG9zdF9saW5rX3VybF9wYWdlIiwic2V0dGluZ3MiOnsicG9zdF9pZCI6IjMzNiJ9fQ==@&#8221; global_colors_info=&#8221;{}&#8221;]<a href=\"#\" class=\"cta\">Savoir plus<\/a>[\/et_pb_blurb][\/et_pb_column][et_pb_column type=&#8221;1_3&#8243; _builder_version=&#8221;4.9.2&#8243; _module_preset=&#8221;default&#8221;][et_pb_blurb title=&#8221;PE\u00c7AS P\/ M\u00c1QUINAS COMPRESSORAS&#8221; image=&#8221;https:\/\/www.lurga.pt\/wp-content\/uploads\/2021\/04\/lrg_0004_PECAS.png&#8221; image_max_width=&#8221;50%&#8221; _builder_version=&#8221;4.9.2&#8243; _dynamic_attributes=&#8221;link_option_url&#8221; _module_preset=&#8221;default&#8221; animation=&#8221;off&#8221; hover_transition_duration=&#8221;0ms&#8221; link_option_url=&#8221;@ET-DC@eyJkeW5hbWljIjp0cnVlLCJjb250ZW50IjoicG9zdF9saW5rX3VybF9wYWdlIiwic2V0dGluZ3MiOnsicG9zdF9pZCI6IjMzNSJ9fQ==@&#8221; hover_enabled=&#8221;0&#8243; global_colors_info=&#8221;{}&#8221; sticky_enabled=&#8221;0&#8243;]\n<p><a href=\"#\" class=\"cta\">Savoir plus<\/a><\/p>\n[\/et_pb_blurb][\/et_pb_column][et_pb_column type=&#8221;1_3&#8243; _builder_version=&#8221;4.9.2&#8243; _module_preset=&#8221;default&#8221;][et_pb_blurb title=&#8221;FORMATOS&#8221; image=&#8221;https:\/\/www.lurga.pt\/wp-content\/uploads\/2021\/04\/lrg_0007_FORMATOS.png&#8221; image_max_width=&#8221;50%&#8221; _builder_version=&#8221;4.9.2&#8243; _dynamic_attributes=&#8221;link_option_url&#8221; _module_preset=&#8221;default&#8221; animation=&#8221;off&#8221; hover_transition_duration=&#8221;0ms&#8221; link_option_url=&#8221;@ET-DC@eyJkeW5hbWljIjp0cnVlLCJjb250ZW50IjoicG9zdF9saW5rX3VybF9wYWdlIiwic2V0dGluZ3MiOnsicG9zdF9pZCI6IjMzMyJ9fQ==@&#8221; hover_enabled=&#8221;0&#8243; global_colors_info=&#8221;{}&#8221; sticky_enabled=&#8221;0&#8243;]\n<p><a href=\"#\" class=\"cta\">Savoir plus<\/a><\/p>\n[\/et_pb_blurb][\/et_pb_column][\/et_pb_row][et_pb_row column_structure=&#8221;1_3,1_3,1_3&#8243; use_custom_gutter=&#8221;on&#8221; gutter_width=&#8221;2&#8243; make_equal=&#8221;on&#8221; module_class=&#8221;productsGrid&#8221; _builder_version=&#8221;4.9.2&#8243; _module_preset=&#8221;default&#8221; hover_enabled=&#8221;0&#8243; sticky_enabled=&#8221;0&#8243;][et_pb_column type=&#8221;1_3&#8243; _builder_version=&#8221;4.9.2&#8243; _module_preset=&#8221;default&#8221;][et_pb_blurb title=&#8221;UPGRADE M\u00c1QUINAS COMPRESSORAS&#8221; image=&#8221;https:\/\/www.lurga.pt\/wp-content\/uploads\/2021\/04\/upgrademaquinas-copy.png&#8221; image_max_width=&#8221;84%&#8221; _builder_version=&#8221;4.9.2&#8243; _dynamic_attributes=&#8221;link_option_url&#8221; _module_preset=&#8221;default&#8221; animation=&#8221;off&#8221; hover_transition_duration=&#8221;0ms&#8221; link_option_url=&#8221;@ET-DC@eyJkeW5hbWljIjp0cnVlLCJjb250ZW50IjoicG9zdF9saW5rX3VybF9wYWdlIiwic2V0dGluZ3MiOnsicG9zdF9pZCI6IjMzNCJ9fQ==@&#8221; hover_enabled=&#8221;0&#8243; global_colors_info=&#8221;{}&#8221; sticky_enabled=&#8221;0&#8243;]\n<p><a href=\"#\" class=\"cta\">Savoir plus<\/a><\/p>\n[\/et_pb_blurb][\/et_pb_column][et_pb_column type=&#8221;1_3&#8243; _builder_version=&#8221;4.9.2&#8243; _module_preset=&#8221;default&#8221;][\/et_pb_column][et_pb_column type=&#8221;1_3&#8243; _builder_version=&#8221;4.9.2&#8243; _module_preset=&#8221;default&#8221;][\/et_pb_column][\/et_pb_row][\/et_pb_section]","protected":false},"excerpt":{"rendered":"<p>[et_pb_section fb_built=&#8221;1&#8243; module_class=&#8221;flexBox flexCenter bannerPag&#8221; _builder_version=&#8221;4.9.2&#8243; _module_preset=&#8221;default&#8221; background_image=&#8221;https:\/\/www.lurga.pt\/wp-content\/uploads\/2021\/04\/bg_pags2.jpg&#8221; height=&#8221;90vh&#8221; height_tablet=&#8221;&#8221; height_phone=&#8221;65vh&#8221; height_last_edited=&#8221;on|desktop&#8221; max_height=&#8221;90vh&#8221; max_height_tablet=&#8221;&#8221; max_height_phone=&#8221;65vh&#8221; max_height_last_edited=&#8221;on|phone&#8221; bottom_divider_style=&#8221;arrow&#8221; bottom_divider_color=&#8221;gcid-6433f551-dcff-413b-91ce-bb464db69653&#8243; global_colors_info=&#8221;{%22gcid-6433f551-dcff-413b-91ce-bb464db69653%22:%91%22bottom_divider_color%22%93}&#8221;][et_pb_row _builder_version=&#8221;4.9.2&#8243; _module_preset=&#8221;default&#8221; scroll_vertical_motion=&#8221;0|50|50|100|0.5|-1|-0.5&#8243;][et_pb_column type=&#8221;4_4&#8243; _builder_version=&#8221;4.9.2&#8243; _module_preset=&#8221;default&#8221;][et_pb_text _builder_version=&#8221;4.9.2&#8243; _module_preset=&#8221;default&#8221; header_4_font=&#8221;|||on|||||&#8221; header_4_text_align=&#8221;center&#8221; header_4_font_size=&#8221;21px&#8221; header_4_letter_spacing=&#8221;3px&#8221; custom_padding=&#8221;||6px|||&#8221; header_4_font_size_tablet=&#8221;&#8221; header_4_font_size_phone=&#8221;16px&#8221; header_4_font_size_last_edited=&#8221;on|phone&#8221;] Lurga [\/et_pb_text][et_pb_post_title meta=&#8221;off&#8221; featured_image=&#8221;off&#8221; _builder_version=&#8221;4.9.2&#8243; _module_preset=&#8221;default&#8221; title_font=&#8221;|800||on|||||&#8221; title_text_align=&#8221;center&#8221; title_font_size=&#8221;5vw&#8221; title_font_size_tablet=&#8221;&#8221; title_font_size_phone=&#8221;12vw&#8221; title_font_size_last_edited=&#8221;on|phone&#8221;][\/et_pb_post_title][et_pb_text _builder_version=&#8221;4.9.2&#8243; _module_preset=&#8221;default&#8221; text_line_height=&#8221;1.4em&#8221; text_orientation=&#8221;center&#8221; width=&#8221;70%&#8221; width_tablet=&#8221;&#8221; width_phone=&#8221;100%&#8221; width_last_edited=&#8221;on|phone&#8221; [&hellip;]<\/p>","protected":false},"author":1,"featured_media":0,"parent":0,"menu_order":0,"comment_status":"closed","ping_status":"closed","template":"","meta":{"_et_pb_use_builder":"on","_et_pb_old_content":"","_et_gb_content_width":"","inline_featured_image":false,"_monsterinsights_skip_tracking":false,"_monsterinsights_sitenote_active":false,"_monsterinsights_sitenote_note":"","_monsterinsights_sitenote_category":0,"_uf_show_specific_survey":0,"_uf_disable_surveys":false,"footnotes":""},"class_list":["post-256","page","type-page","status-publish","hentry"],"_links":{"self":[{"href":"https:\/\/www.lurga.pt\/fr\/wp-json\/wp\/v2\/pages\/256","targetHints":{"allow":["GET"]}}],"collection":[{"href":"https:\/\/www.lurga.pt\/fr\/wp-json\/wp\/v2\/pages"}],"about":[{"href":"https:\/\/www.lurga.pt\/fr\/wp-json\/wp\/v2\/types\/page"}],"author":[{"embeddable":true,"href":"https:\/\/www.lurga.pt\/fr\/wp-json\/wp\/v2\/users\/1"}],"replies":[{"embeddable":true,"href":"https:\/\/www.lurga.pt\/fr\/wp-json\/wp\/v2\/comments?post=256"}],"version-history":[{"count":22,"href":"https:\/\/www.lurga.pt\/fr\/wp-json\/wp\/v2\/pages\/256\/revisions"}],"predecessor-version":[{"id":1260,"href":"https:\/\/www.lurga.pt\/fr\/wp-json\/wp\/v2\/pages\/256\/revisions\/1260"}],"wp:attachment":[{"href":"https:\/\/www.lurga.pt\/fr\/wp-json\/wp\/v2\/media?parent=256"}],"curies":[{"name":"wp","href":"https:\/\/api.w.org\/{rel}","templated":true}]}}