{"id":324,"date":"2021-04-09T10:13:05","date_gmt":"2021-04-09T10:13:05","guid":{"rendered":"https:\/\/www.lurga.pt\/?page_id=324"},"modified":"2023-08-09T03:20:43","modified_gmt":"2023-08-09T03:20:43","slug":"complexos","status":"publish","type":"page","link":"https:\/\/www.lurga.pt\/fr\/produtos\/complexos\/","title":{"rendered":"Segments"},"content":{"rendered":"[et_pb_section fb_built=&#8221;1&#8243; next_background_color=&#8221;#1b1b1b&#8221; module_class=&#8221;flexBox flexCenter bannerPag&#8221; _builder_version=&#8221;4.9.2&#8243; _module_preset=&#8221;default&#8221; background_image=&#8221;https:\/\/www.lurga.pt\/wp-content\/uploads\/2021\/04\/bg_pags2.jpg&#8221; height=&#8221;90vh&#8221; max_height=&#8221;90vh&#8221; bottom_divider_style=&#8221;arrow&#8221;][et_pb_row _builder_version=&#8221;4.9.2&#8243; _module_preset=&#8221;default&#8221; scroll_vertical_motion=&#8221;0|50|50|100|0.5|-1|-0.5&#8243;][et_pb_column type=&#8221;4_4&#8243; _builder_version=&#8221;4.9.2&#8243; _module_preset=&#8221;default&#8221;][et_pb_text _builder_version=&#8221;4.9.2&#8243; _dynamic_attributes=&#8221;link_option_url&#8221; _module_preset=&#8221;default&#8221; header_4_font=&#8221;|||on|||||&#8221; header_4_text_align=&#8221;center&#8221; header_4_font_size=&#8221;21px&#8221; header_4_letter_spacing=&#8221;3px&#8221; custom_padding=&#8221;||6px|||&#8221; link_option_url=&#8221;@ET-DC@eyJkeW5hbWljIjp0cnVlLCJjb250ZW50IjoicG9zdF9saW5rX3VybF9wYWdlIiwic2V0dGluZ3MiOnsicG9zdF9pZCI6IjI1NiJ9fQ==@&#8221;]\n<h4>Produits<\/h4>\n[\/et_pb_text][et_pb_post_title meta=&#8221;off&#8221; featured_image=&#8221;off&#8221; _builder_version=&#8221;4.9.2&#8243; _module_preset=&#8221;default&#8221; title_font=&#8221;|800||on|||||&#8221; title_text_align=&#8221;center&#8221; title_font_size=&#8221;72px&#8221; title_font_size_tablet=&#8221;&#8221; title_font_size_phone=&#8221;12vw&#8221; title_font_size_last_edited=&#8221;on|phone&#8221;][\/et_pb_post_title][et_pb_text _builder_version=&#8221;4.9.2&#8243; _module_preset=&#8221;default&#8221; text_line_height=&#8221;1.4em&#8221; text_orientation=&#8221;center&#8221; width=&#8221;70%&#8221; width_tablet=&#8221;&#8221; width_phone=&#8221;100%&#8221; width_last_edited=&#8221;on|phone&#8221; module_alignment=&#8221;center&#8221;]\n<p class=\"p1 translation-block\">Concebidos para revolucionar o seu processo de produ\u00e7\u00e3o, eliminando a necessidade de matrizes individuais. Com os Segmentos, voc\u00ea ter\u00e1 in\u00fameros benef\u00edcios,<br>incluindo:<\/p>\n<p class=\"p1\"><strong>- Augmentation du nombre de postes<\/strong><\/p>\n<p class=\"p1\"><strong>- Productivit\u00e9 accrue<\/strong><\/p>\n<p class=\"p1\"><strong>- R\u00e9duction du temps d&#039;installation<\/strong><\/p>\n<p class=\"p1\"><strong><\/strong><\/p>\n<p class=\"p1\">[\/et_pb_text][et_pb_text _builder_version=&#8221;4.9.2&#8243; _module_preset=&#8221;default&#8221;]\n<div id=\"new-royalslider-3\" class=\"royalSlider new-royalslider-3 rsUni visibleNearbyZoom\" style=\"width:100%;height:400px;;\" data-rs-options='{&quot;template&quot;:&quot;default&quot;,&quot;image_generation&quot;:{&quot;imageWidth&quot;:&quot;&quot;,&quot;imageHeight&quot;:&quot;&quot;,&quot;thumbImageWidth&quot;:&quot;&quot;,&quot;thumbImageHeight&quot;:&quot;&quot;},&quot;thumbs&quot;:{&quot;thumbWidth&quot;:96,&quot;thumbHeight&quot;:72},&quot;autoPlay&quot;:{&quot;enabled&quot;:&quot;true&quot;,&quot;stopAtAction&quot;:&quot;false&quot;,&quot;pauseOnHover&quot;:&quot;false&quot;},&quot;visibleNearby&quot;:{&quot;enabled&quot;:&quot;true&quot;,&quot;centerArea&quot;:0.5,&quot;breakpoint&quot;:650,&quot;breakpointCenterArea&quot;:0.64,&quot;navigateByCenterClick&quot;:&quot;true&quot;},&quot;video&quot;:{&quot;autoHideBlocks&quot;:&quot;true&quot;},&quot;block&quot;:{&quot;moveOffset&quot;:20,&quot;speed&quot;:400,&quot;delay&quot;:200},&quot;width&quot;:&quot;100%&quot;,&quot;height&quot;:&quot;400px&quot;,&quot;autoScaleSliderWidth&quot;:960,&quot;autoScaleSliderHeight&quot;:340,&quot;controlNavigation&quot;:&quot;none&quot;,&quot;arrowsNav&quot;:&quot;false&quot;,&quot;globalCaption&quot;:&quot;true&quot;,&quot;loop&quot;:&quot;true&quot;,&quot;keyboardNavEnabled&quot;:&quot;true&quot;,&quot;fadeinLoadedSlide&quot;:&quot;false&quot;,&quot;addActiveClass&quot;:&quot;true&quot;}'>\n<div class=\"rsContent\">\n  <img decoding=\"async\" class=\"rsImg\" src=\"https:\/\/www.lurga.pt\/wp-content\/uploads\/2023\/08\/Cons-2021_0916_3090i_PISA-SA_MEXICO_CYCLES_0240_LEVE.png\" alt=\"Cons 2021_0916_3090i_PISA SA_MEXICO_CYCLES_0240_LEVE\"\/>\n<\/div>\n<div class=\"rsContent\">\n  <img decoding=\"async\" class=\"rsImg\" src=\"https:\/\/www.lurga.pt\/wp-content\/uploads\/2023\/08\/Cons-2021_0916_3090i_PISA-SA_MEXICO_TOTAL_CCYCLES_VS1_0581_LEVE.png\" alt=\"Cons 2021_0916_3090i_PISA SA_MEXICO_TOTAL_CCYCLES_VS1_0581_LEVE\"\/>\n<\/div>\n<div class=\"rsContent\">\n  <img decoding=\"async\" class=\"rsImg\" src=\"https:\/\/www.lurga.pt\/wp-content\/uploads\/2023\/08\/Cons-2022_0842-FETTE_FE55_ACHE_CYCLES_0240_LEVE.png\" alt=\"Cons 2022_0842 FETTE_FE55_ACHE_CYCLES_0240_LEVE\"\/>\n<\/div>\n<div class=\"rsContent\">\n  <img decoding=\"async\" class=\"rsImg\" src=\"https:\/\/www.lurga.pt\/wp-content\/uploads\/2023\/08\/Cons-2022_0842-FETTE_FE55_ACHE_TOTAL_EVEE_VS1_0597_LEVE.png\" alt=\"Cons 2022_0842 FETTE_FE55_ACHE_TOTAL_EVEE_VS1_0597_LEVE\"\/>\n<\/div>\n<div class=\"rsContent\">\n  <img decoding=\"async\" class=\"rsImg\" src=\"https:\/\/www.lurga.pt\/wp-content\/uploads\/2023\/08\/Cons-2022_1176_1200_FARMALABOR_CYCLES_0240_LEVE.png\" alt=\"Cons 2022_1176_1200_FARMALABOR_CYCLES_0240_LEVE\"\/>\n<\/div>\n<div class=\"rsContent\">\n  <img decoding=\"async\" class=\"rsImg\" src=\"https:\/\/www.lurga.pt\/wp-content\/uploads\/2023\/08\/Cons-2022_1176_1200_FARMALABOR_EVEE_VS10580_LEVE.png\" alt=\"Cons 2022_1176_1200_FARMALABOR_EVEE_VS10580_LEVE\"\/>\n<\/div>\n<div class=\"rsContent\">\n  <img decoding=\"async\" class=\"rsImg\" src=\"https:\/\/www.lurga.pt\/wp-content\/uploads\/2023\/08\/Cons-2022_1245_2090i_GRINDEKS_CYCLES_0053_LEVE.png\" alt=\"Cons 2022_1245_2090i_GRINDEKS_CYCLES_0053_LEVE\"\/>\n<\/div>\n<div class=\"rsContent\">\n  <img decoding=\"async\" class=\"rsImg\" src=\"https:\/\/www.lurga.pt\/wp-content\/uploads\/2023\/08\/Cons-2022_1245_2090i_GRINDEKS_EVEE_TOTAL_VS2_0599_LEVE.png\" alt=\"Cons 2022_1245_2090i_GRINDEKS_EVEE_TOTAL_VS2_0599_LEVE\"\/>\n<\/div>\n\n<\/div>\n\n[\/et_pb_text][et_pb_image src=&#8221;https:\/\/www.lurga.pt\/wp-content\/uploads\/2021\/04\/arrow.gif&#8221; title_text=&#8221;arrow&#8221; align=&#8221;center&#8221; _builder_version=&#8221;4.9.2&#8243; _module_preset=&#8221;default&#8221; width=&#8221;50px&#8221; custom_margin=&#8221;5%||||false|false&#8221; filter_invert=&#8221;100%&#8221;][\/et_pb_image][\/et_pb_column][\/et_pb_row][\/et_pb_section][et_pb_section fb_built=&#8221;1&#8243; _builder_version=&#8221;4.9.2&#8243; _module_preset=&#8221;default&#8221;][et_pb_row column_structure=&#8221;1_2,1_2&#8243; _builder_version=&#8221;4.9.2&#8243; _module_preset=&#8221;default&#8221;][et_pb_column type=&#8221;1_2&#8243; _builder_version=&#8221;4.9.2&#8243; _module_preset=&#8221;default&#8221; scroll_fade_enable=&#8221;on&#8221;][et_pb_image src=&#8221;https:\/\/www.lurga.pt\/wp-content\/uploads\/2023\/08\/SEGMENTOS-PARA-SITE-TOTAL_LEVE.jpg&#8221; title_text=&#8221;SEGMENTOS-PARA-SITE-TOTAL_LEVE&#8221; _builder_version=&#8221;4.9.2&#8243; _module_preset=&#8221;default&#8221; width=&#8221;88%&#8221; module_alignment=&#8221;center&#8221; scroll_vertical_motion_enable=&#8221;on&#8221; scroll_vertical_motion=&#8221;0|50|50|100|1|0|-1&#8243; hover_enabled=&#8221;0&#8243; box_shadow_style=&#8221;preset3&#8243; sticky_enabled=&#8221;0&#8243;][\/et_pb_image][\/et_pb_column][et_pb_column type=&#8221;1_2&#8243; _builder_version=&#8221;4.9.2&#8243; _module_preset=&#8221;default&#8221; scroll_horizontal_motion_enable=&#8221;on&#8221; scroll_horizontal_motion=&#8221;0|50|50|100|2|0|0&#8243; scroll_fade_enable=&#8221;on&#8221;][et_pb_text _builder_version=&#8221;4.9.2&#8243; _module_preset=&#8221;default&#8221; header_2_font_size=&#8221;48px&#8221;]\n<h2 class=\"outlineFont\"><b><span class=\"u01\">CARACT\u00c9RISTIQUES<\/span><\/b><\/h2>\n[\/et_pb_text][et_pb_blurb use_icon=&#8221;on&#8221; font_icon=&#8221;%%32%%&#8221; icon_placement=&#8221;left&#8221; content_max_width=&#8221;100%&#8221; _builder_version=&#8221;4.9.2&#8243; _module_preset=&#8221;default&#8221; custom_margin=&#8221;10px||10px||true|false&#8221; global_colors_info=&#8221;{}&#8221;]\n<p class=\"translation-block\">A nossa engenharia garante uma qualidade superior no fabrico, oferecendo segmentos em<br>v\u00e1rias op\u00e7\u00f5es, incluindo redondos, forma especial, multi-pontas, a\u00e7o inoxid\u00e1vel e carboneto de<br>tungst\u00e9nio.<\/p>\n[\/et_pb_blurb][et_pb_blurb use_icon=&#8221;on&#8221; font_icon=&#8221;%%32%%&#8221; icon_placement=&#8221;left&#8221; content_max_width=&#8221;100%&#8221; _builder_version=&#8221;4.9.2&#8243; _module_preset=&#8221;default&#8221; custom_margin=&#8221;10px||10px||true|false&#8221; global_colors_info=&#8221;{}&#8221;]\n<p>En optant pour nos segments, vous b\u00e9n\u00e9ficierez des avantages suivants :<br \/>- Am\u00e9lioration du taux de production<br \/>- Temps de changement plus rapides<br \/>- Diminution des op\u00e9rations de nettoyage et d&#039;installation<br \/>- Dur\u00e9e de vie prolong\u00e9e<br \/>- Minimisation des pertes de produits<\/p>\n[\/et_pb_blurb][\/et_pb_column][\/et_pb_row][et_pb_row column_structure=&#8221;1_2,1_2&#8243; use_custom_gutter=&#8221;on&#8221; gutter_width=&#8221;2&#8243; make_equal=&#8221;on&#8221; disabled_on=&#8221;on|on|on&#8221; _builder_version=&#8221;4.9.2&#8243; _module_preset=&#8221;default&#8221; custom_padding=&#8221;5vh||5vh||true|false&#8221; disabled=&#8221;on&#8221;][et_pb_column type=&#8221;1_2&#8243; _builder_version=&#8221;4.9.2&#8243; _module_preset=&#8221;default&#8221; custom_css_main_element=&#8221;display:flex;||align-items:center;||justify-content:flex-end;&#8221;][et_pb_text _builder_version=&#8221;4.9.2&#8243; _module_preset=&#8221;default&#8221; header_2_text_align=&#8221;right&#8221; header_2_font_size=&#8221;48px&#8221; scroll_fade_enable=&#8221;on&#8221;]\n<h2 class=\"outlineFont\"><b>Productivit\u00e9 =<\/b><\/h2>\n[\/et_pb_text][\/et_pb_column][et_pb_column type=&#8221;1_2&#8243; _builder_version=&#8221;4.9.2&#8243; _module_preset=&#8221;default&#8221;][et_pb_text _builder_version=&#8221;4.9.2&#8243; _module_preset=&#8221;default&#8221; header_2_font=&#8221;|800|||||||&#8221; header_2_text_align=&#8221;left&#8221; header_2_font_size=&#8221;48px&#8221; scroll_horizontal_motion_enable=&#8221;on&#8221; scroll_horizontal_motion=&#8221;0|50|50|100|1|0|0&#8243; scroll_fade_enable=&#8221;on&#8221;]\n<h2><span class=\"s1\"><\/span><span class=\"s2\">Plus grand nombre de comprim\u00e9s par tour de tourelle<\/span><\/h2>\n[\/et_pb_text][\/et_pb_column][\/et_pb_row][\/et_pb_section]","protected":false},"excerpt":{"rendered":"<p>[et_pb_section fb_built=&#8221;1&#8243; next_background_color=&#8221;#1b1b1b&#8221; module_class=&#8221;flexBox flexCenter bannerPag&#8221; _builder_version=&#8221;4.9.2&#8243; _module_preset=&#8221;default&#8221; background_image=&#8221;https:\/\/www.lurga.pt\/wp-content\/uploads\/2021\/04\/bg_pags2.jpg&#8221; height=&#8221;90vh&#8221; max_height=&#8221;90vh&#8221; bottom_divider_style=&#8221;arrow&#8221;][et_pb_row _builder_version=&#8221;4.9.2&#8243; _module_preset=&#8221;default&#8221; scroll_vertical_motion=&#8221;0|50|50|100|0.5|-1|-0.5&#8243;][et_pb_column type=&#8221;4_4&#8243; _builder_version=&#8221;4.9.2&#8243; _module_preset=&#8221;default&#8221;][et_pb_text _builder_version=&#8221;4.9.2&#8243; _dynamic_attributes=&#8221;link_option_url&#8221; _module_preset=&#8221;default&#8221; header_4_font=&#8221;|||on|||||&#8221; header_4_text_align=&#8221;center&#8221; header_4_font_size=&#8221;21px&#8221; header_4_letter_spacing=&#8221;3px&#8221; custom_padding=&#8221;||6px|||&#8221; link_option_url=&#8221;@ET-DC@eyJkeW5hbWljIjp0cnVlLCJjb250ZW50IjoicG9zdF9saW5rX3VybF9wYWdlIiwic2V0dGluZ3MiOnsicG9zdF9pZCI6IjI1NiJ9fQ==@&#8221;] Produtos [\/et_pb_text][et_pb_post_title meta=&#8221;off&#8221; featured_image=&#8221;off&#8221; _builder_version=&#8221;4.9.2&#8243; _module_preset=&#8221;default&#8221; title_font=&#8221;|800||on|||||&#8221; title_text_align=&#8221;center&#8221; title_font_size=&#8221;72px&#8221; title_font_size_tablet=&#8221;&#8221; title_font_size_phone=&#8221;12vw&#8221; title_font_size_last_edited=&#8221;on|phone&#8221;][\/et_pb_post_title][et_pb_text _builder_version=&#8221;4.9.2&#8243; _module_preset=&#8221;default&#8221; text_line_height=&#8221;1.4em&#8221; text_orientation=&#8221;center&#8221; width=&#8221;70%&#8221; width_tablet=&#8221;&#8221; width_phone=&#8221;100%&#8221; width_last_edited=&#8221;on|phone&#8221; module_alignment=&#8221;center&#8221;] Concebidos para revolucionar o seu processo de [&hellip;]<\/p>","protected":false},"author":1,"featured_media":0,"parent":256,"menu_order":0,"comment_status":"closed","ping_status":"closed","template":"","meta":{"_et_pb_use_builder":"on","_et_pb_old_content":"","_et_gb_content_width":"","inline_featured_image":false,"_monsterinsights_skip_tracking":false,"_monsterinsights_sitenote_active":false,"_monsterinsights_sitenote_note":"","_monsterinsights_sitenote_category":0,"_uf_show_specific_survey":0,"_uf_disable_surveys":false,"footnotes":""},"class_list":["post-324","page","type-page","status-publish","hentry"],"_links":{"self":[{"href":"https:\/\/www.lurga.pt\/fr\/wp-json\/wp\/v2\/pages\/324","targetHints":{"allow":["GET"]}}],"collection":[{"href":"https:\/\/www.lurga.pt\/fr\/wp-json\/wp\/v2\/pages"}],"about":[{"href":"https:\/\/www.lurga.pt\/fr\/wp-json\/wp\/v2\/types\/page"}],"author":[{"embeddable":true,"href":"https:\/\/www.lurga.pt\/fr\/wp-json\/wp\/v2\/users\/1"}],"replies":[{"embeddable":true,"href":"https:\/\/www.lurga.pt\/fr\/wp-json\/wp\/v2\/comments?post=324"}],"version-history":[{"count":14,"href":"https:\/\/www.lurga.pt\/fr\/wp-json\/wp\/v2\/pages\/324\/revisions"}],"predecessor-version":[{"id":1199,"href":"https:\/\/www.lurga.pt\/fr\/wp-json\/wp\/v2\/pages\/324\/revisions\/1199"}],"up":[{"embeddable":true,"href":"https:\/\/www.lurga.pt\/fr\/wp-json\/wp\/v2\/pages\/256"}],"wp:attachment":[{"href":"https:\/\/www.lurga.pt\/fr\/wp-json\/wp\/v2\/media?parent=324"}],"curies":[{"name":"wp","href":"https:\/\/api.w.org\/{rel}","templated":true}]}}